{"id":67,"date":"2022-08-18T10:29:06","date_gmt":"2022-08-18T10:29:06","guid":{"rendered":"https:\/\/devso.be\/?page_id=67"},"modified":"2022-09-08T08:09:19","modified_gmt":"2022-09-08T08:09:19","slug":"mijn-bestelling","status":"publish","type":"page","link":"https:\/\/devso.be\/fr\/mijn-bestelling\/","title":{"rendered":"Ma commande"},"content":{"rendered":"<div data-elementor-type=\"wp-page\" data-elementor-id=\"67\" class=\"elementor elementor-67\" data-elementor-post-type=\"page\">\n\t\t\t\t\t\t<section class=\"has_eae_slider elementor-section elementor-top-section elementor-element elementor-element-1724d15 elementor-section-boxed elementor-section-height-default elementor-section-height-default\" data-eae-slider=\"80654\" data-id=\"1724d15\" data-element_type=\"section\" data-e-type=\"section\">\n\t\t\t\t\t\t<div class=\"elementor-container elementor-column-gap-default\">\n\t\t\t\t\t<div class=\"has_eae_slider elementor-column elementor-col-100 elementor-top-column elementor-element elementor-element-ff613e7\" data-eae-slider=\"7427\" data-id=\"ff613e7\" data-element_type=\"column\" data-e-type=\"column\">\n\t\t\t<div class=\"elementor-widget-wrap elementor-element-populated\">\n\t\t\t\t\t\t<div class=\"elementor-element elementor-element-5fca4de elementor-nav-menu__align-center elementor-nav-menu--dropdown-mobile elementor-nav-menu--stretch elementor-nav-menu__text-align-aside elementor-nav-menu--toggle elementor-nav-menu--burger elementor-widget elementor-widget-nav-menu\" data-id=\"5fca4de\" data-element_type=\"widget\" data-e-type=\"widget\" data-settings=\"{&quot;submenu_icon&quot;:{&quot;value&quot;:&quot;&lt;i class=\\&quot;\\&quot; aria-hidden=\\&quot;true\\&quot;&gt;&lt;\\\/i&gt;&quot;,&quot;library&quot;:&quot;&quot;},&quot;full_width&quot;:&quot;stretch&quot;,&quot;toggle_icon_hover_animation&quot;:&quot;grow&quot;,&quot;layout&quot;:&quot;horizontal&quot;,&quot;toggle&quot;:&quot;burger&quot;}\" data-widget_type=\"nav-menu.default\">\n\t\t\t\t<div class=\"elementor-widget-container\">\n\t\t\t\t\t\t\t\t<nav aria-label=\"Menu\" class=\"elementor-nav-menu--main elementor-nav-menu__container elementor-nav-menu--layout-horizontal e--pointer-underline e--animation-fade\">\n\t\t\t\t<ul id=\"menu-1-5fca4de\" class=\"elementor-nav-menu\"><li class=\"menu-item menu-item-type-post_type menu-item-object-page menu-item-700\"><a href=\"https:\/\/devso.be\/fr\/mijn-bestelling\/\" class=\"elementor-item\">Ma commande<\/a><\/li>\n<li class=\"menu-item menu-item-type-post_type menu-item-object-page menu-item-695\"><a href=\"https:\/\/devso.be\/fr\/defect-aan-mijn-toestel\/\" class=\"elementor-item\">Un d\u00e9faut de mon appareil<\/a><\/li>\n<li class=\"menu-item menu-item-type-post_type menu-item-object-page menu-item-694\"><a href=\"https:\/\/devso.be\/fr\/mijn-leasing\/\" class=\"elementor-item\">Mon leasing<\/a><\/li>\n<li class=\"menu-item menu-item-type-post_type menu-item-object-page menu-item-693\"><a href=\"https:\/\/devso.be\/fr\/levering\/\" class=\"elementor-item\">Livraison<\/a><\/li>\n<li class=\"menu-item menu-item-type-post_type menu-item-object-page menu-item-692\"><a href=\"https:\/\/devso.be\/fr\/mijn-toestel\/\" class=\"elementor-item\">Mon appareil<\/a><\/li>\n<li class=\"menu-item menu-item-type-post_type menu-item-object-page menu-item-691\"><a href=\"https:\/\/devso.be\/fr\/mijn-verzekering\/\" class=\"elementor-item\">Mon assurance<\/a><\/li>\n<li class=\"menu-item menu-item-type-post_type menu-item-object-page menu-item-690\"><a href=\"https:\/\/devso.be\/fr\/recycle\/\" class=\"elementor-item\">Recycler<\/a><\/li>\n<\/ul>\t\t\t<\/nav>\n\t\t\t\t\t<div class=\"elementor-menu-toggle\" role=\"button\" tabindex=\"0\" aria-label=\"Permuter le menu\" aria-expanded=\"false\">\n\t\t\t<i aria-hidden=\"true\" role=\"presentation\" class=\"elementor-menu-toggle__icon--open elementor-animation-grow fas fa-search\"><\/i><i aria-hidden=\"true\" role=\"presentation\" class=\"elementor-menu-toggle__icon--close elementor-animation-grow eicon-close\"><\/i>\t\t<\/div>\n\t\t\t\t\t<nav class=\"elementor-nav-menu--dropdown elementor-nav-menu__container\" aria-hidden=\"true\">\n\t\t\t\t<ul id=\"menu-2-5fca4de\" class=\"elementor-nav-menu\"><li class=\"menu-item menu-item-type-post_type menu-item-object-page menu-item-700\"><a href=\"https:\/\/devso.be\/fr\/mijn-bestelling\/\" class=\"elementor-item\" tabindex=\"-1\">Ma commande<\/a><\/li>\n<li class=\"menu-item menu-item-type-post_type menu-item-object-page menu-item-695\"><a href=\"https:\/\/devso.be\/fr\/defect-aan-mijn-toestel\/\" class=\"elementor-item\" tabindex=\"-1\">Un d\u00e9faut de mon appareil<\/a><\/li>\n<li class=\"menu-item menu-item-type-post_type menu-item-object-page menu-item-694\"><a href=\"https:\/\/devso.be\/fr\/mijn-leasing\/\" class=\"elementor-item\" tabindex=\"-1\">Mon leasing<\/a><\/li>\n<li class=\"menu-item menu-item-type-post_type menu-item-object-page menu-item-693\"><a href=\"https:\/\/devso.be\/fr\/levering\/\" class=\"elementor-item\" tabindex=\"-1\">Livraison<\/a><\/li>\n<li class=\"menu-item menu-item-type-post_type menu-item-object-page menu-item-692\"><a href=\"https:\/\/devso.be\/fr\/mijn-toestel\/\" class=\"elementor-item\" tabindex=\"-1\">Mon appareil<\/a><\/li>\n<li class=\"menu-item menu-item-type-post_type menu-item-object-page menu-item-691\"><a href=\"https:\/\/devso.be\/fr\/mijn-verzekering\/\" class=\"elementor-item\" tabindex=\"-1\">Mon assurance<\/a><\/li>\n<li class=\"menu-item menu-item-type-post_type menu-item-object-page menu-item-690\"><a href=\"https:\/\/devso.be\/fr\/recycle\/\" class=\"elementor-item\" tabindex=\"-1\">Recycler<\/a><\/li>\n<\/ul>\t\t\t<\/nav>\n\t\t\t\t\t\t<\/div>\n\t\t\t\t<\/div>\n\t\t\t\t\t<\/div>\n\t\t<\/div>\n\t\t\t\t\t<\/div>\n\t\t<\/section>\n\t\t\t\t<section class=\"has_eae_slider elementor-section elementor-top-section elementor-element elementor-element-4ab7889 elementor-section-boxed elementor-section-height-default elementor-section-height-default\" data-eae-slider=\"58235\" data-id=\"4ab7889\" data-element_type=\"section\" data-e-type=\"section\">\n\t\t\t\t\t\t<div class=\"elementor-container elementor-column-gap-default\">\n\t\t\t\t\t<div class=\"has_eae_slider elementor-column elementor-col-100 elementor-top-column elementor-element elementor-element-24d015b\" data-eae-slider=\"1365\" data-id=\"24d015b\" data-element_type=\"column\" data-e-type=\"column\">\n\t\t\t<div class=\"elementor-widget-wrap elementor-element-populated\">\n\t\t\t\t\t\t<section class=\"has_eae_slider elementor-section elementor-inner-section elementor-element elementor-element-896855c elementor-section-boxed elementor-section-height-default elementor-section-height-default\" data-eae-slider=\"58497\" data-id=\"896855c\" data-element_type=\"section\" data-e-type=\"section\">\n\t\t\t\t\t\t<div class=\"elementor-container elementor-column-gap-default\">\n\t\t\t\t\t<div class=\"has_eae_slider elementor-column elementor-col-50 elementor-inner-column elementor-element elementor-element-95e0667\" data-eae-slider=\"72426\" data-id=\"95e0667\" data-element_type=\"column\" data-e-type=\"column\">\n\t\t\t<div class=\"elementor-widget-wrap elementor-element-populated\">\n\t\t\t\t\t\t<div class=\"elementor-element elementor-element-fac609c elementor-widget elementor-widget-image\" data-id=\"fac609c\" data-element_type=\"widget\" data-e-type=\"widget\" data-widget_type=\"image.default\">\n\t\t\t\t<div class=\"elementor-widget-container\">\n\t\t\t\t\t\t\t\t\t\t\t\t\t\t\t<img fetchpriority=\"high\" decoding=\"async\" width=\"500\" height=\"500\" src=\"https:\/\/devso.be\/wp-content\/uploads\/2022\/08\/DEVSO-assets-pictogram-1-01.png\" class=\"attachment-large size-large wp-image-39\" alt=\"\" srcset=\"https:\/\/devso.be\/wp-content\/uploads\/2022\/08\/DEVSO-assets-pictogram-1-01.png 500w, https:\/\/devso.be\/wp-content\/uploads\/2022\/08\/DEVSO-assets-pictogram-1-01-300x300.png 300w, https:\/\/devso.be\/wp-content\/uploads\/2022\/08\/DEVSO-assets-pictogram-1-01-150x150.png 150w\" sizes=\"(max-width: 500px) 100vw, 500px\" \/>\t\t\t\t\t\t\t\t\t\t\t\t\t\t\t<\/div>\n\t\t\t\t<\/div>\n\t\t\t\t\t<\/div>\n\t\t<\/div>\n\t\t\t\t<div class=\"has_eae_slider elementor-column elementor-col-50 elementor-inner-column elementor-element elementor-element-bc5119a\" data-eae-slider=\"59813\" data-id=\"bc5119a\" data-element_type=\"column\" data-e-type=\"column\">\n\t\t\t<div class=\"elementor-widget-wrap elementor-element-populated\">\n\t\t\t\t\t\t<div class=\"elementor-element elementor-element-5666262 elementor-widget elementor-widget-heading\" data-id=\"5666262\" data-element_type=\"widget\" data-e-type=\"widget\" data-widget_type=\"heading.default\">\n\t\t\t\t<div class=\"elementor-widget-container\">\n\t\t\t\t\t<h2 class=\"elementor-heading-title elementor-size-default\">Ma commande<\/h2>\t\t\t\t<\/div>\n\t\t\t\t<\/div>\n\t\t\t\t<div class=\"elementor-element elementor-element-a69cb89 elementor-widget elementor-widget-text-editor\" data-id=\"a69cb89\" data-element_type=\"widget\" data-e-type=\"widget\" data-widget_type=\"text-editor.default\">\n\t\t\t\t<div class=\"elementor-widget-container\">\n\t\t\t\t\t\t\t\t\t<p>Vous trouverez ci-dessous toutes les questions fr\u00e9quemment pos\u00e9es sur le th\u00e8me \u00abMa commande\u00bb.<\/p>\t\t\t\t\t\t\t\t<\/div>\n\t\t\t\t<\/div>\n\t\t\t\t\t<\/div>\n\t\t<\/div>\n\t\t\t\t\t<\/div>\n\t\t<\/section>\n\t\t\t\t<div class=\"elementor-element elementor-element-1cd0edd elementor-widget-divider--view-line elementor-widget elementor-widget-divider\" data-id=\"1cd0edd\" data-element_type=\"widget\" data-e-type=\"widget\" data-widget_type=\"divider.default\">\n\t\t\t\t<div class=\"elementor-widget-container\">\n\t\t\t\t\t\t\t<div class=\"elementor-divider\">\n\t\t\t<span class=\"elementor-divider-separator\">\n\t\t\t\t\t\t<\/span>\n\t\t<\/div>\n\t\t\t\t\t\t<\/div>\n\t\t\t\t<\/div>\n\t\t\t\t\t<\/div>\n\t\t<\/div>\n\t\t\t\t\t<\/div>\n\t\t<\/section>\n\t\t\t\t<section class=\"has_eae_slider elementor-section elementor-top-section elementor-element elementor-element-aea094f elementor-section-boxed elementor-section-height-default elementor-section-height-default\" data-eae-slider=\"88465\" data-id=\"aea094f\" data-element_type=\"section\" data-e-type=\"section\">\n\t\t\t\t\t\t<div class=\"elementor-container elementor-column-gap-default\">\n\t\t\t\t\t<div class=\"has_eae_slider elementor-column elementor-col-100 elementor-top-column elementor-element elementor-element-c06bd78\" data-eae-slider=\"27122\" data-id=\"c06bd78\" data-element_type=\"column\" data-e-type=\"column\">\n\t\t\t<div class=\"elementor-widget-wrap elementor-element-populated\">\n\t\t\t\t\t\t<div class=\"elementor-element elementor-element-e818f54 elementor-widget elementor-widget-heading\" data-id=\"e818f54\" data-element_type=\"widget\" data-e-type=\"widget\" data-widget_type=\"heading.default\">\n\t\t\t\t<div class=\"elementor-widget-container\">\n\t\t\t\t\t<h2 class=\"elementor-heading-title elementor-size-default\">Comment commander ?<\/h2>\t\t\t\t<\/div>\n\t\t\t\t<\/div>\n\t\t\t\t<div class=\"elementor-element elementor-element-b43b5d1 elementor-widget__width-auto elementor-widget elementor-widget-text-editor\" data-id=\"b43b5d1\" data-element_type=\"widget\" data-e-type=\"widget\" data-widget_type=\"text-editor.default\">\n\t\t\t\t<div class=\"elementor-widget-container\">\n\t\t\t\t\t\t\t\t\t<p>Pour commander un appareil, vous devez passer par<\/p>\t\t\t\t\t\t\t\t<\/div>\n\t\t\t\t<\/div>\n\t\t\t\t<div class=\"elementor-element elementor-element-4a37609 elementor-align-center elementor-widget__width-auto elementor-mobile-align-center elementor-widget elementor-widget-button\" data-id=\"4a37609\" data-element_type=\"widget\" data-e-type=\"widget\" data-widget_type=\"button.default\">\n\t\t\t\t<div class=\"elementor-widget-container\">\n\t\t\t\t\t\t\t\t\t<div class=\"elementor-button-wrapper\">\n\t\t\t\t\t<a class=\"elementor-button elementor-button-link elementor-size-xs elementor-animation-shrink\" href=\"https:\/\/portal.devso.be\/\" target=\"_blank\">\n\t\t\t\t\t\t<span class=\"elementor-button-content-wrapper\">\n\t\t\t\t\t\t\t\t\t<span class=\"elementor-button-text\">le portail de commande.<\/span>\n\t\t\t\t\t<\/span>\n\t\t\t\t\t<\/a>\n\t\t\t\t<\/div>\n\t\t\t\t\t\t\t\t<\/div>\n\t\t\t\t<\/div>\n\t\t\t\t<div class=\"elementor-element elementor-element-68088a3 elementor-widget elementor-widget-heading\" data-id=\"68088a3\" data-element_type=\"widget\" data-e-type=\"widget\" data-widget_type=\"heading.default\">\n\t\t\t\t<div class=\"elementor-widget-container\">\n\t\t\t\t\t<h2 class=\"elementor-heading-title elementor-size-default\">Quel est le d\u00e9lai de livraison ?<\/h2>\t\t\t\t<\/div>\n\t\t\t\t<\/div>\n\t\t\t\t<div class=\"elementor-element elementor-element-0552e7e elementor-widget elementor-widget-text-editor\" data-id=\"0552e7e\" data-element_type=\"widget\" data-e-type=\"widget\" data-widget_type=\"text-editor.default\">\n\t\t\t\t<div class=\"elementor-widget-container\">\n\t\t\t\t\t\t\t\t\t<p>La livraison de l\u2019appareil est li\u00e9e au d\u00e9lai de livraison habituel du fournisseur. Nous ne pouvons donner de garanties \u00e0 cet \u00e9gard.<\/p>\t\t\t\t\t\t\t\t<\/div>\n\t\t\t\t<\/div>\n\t\t\t\t\t<\/div>\n\t\t<\/div>\n\t\t\t\t\t<\/div>\n\t\t<\/section>\n\t\t\t\t<\/div>","protected":false},"excerpt":{"rendered":"<p>Mijn bestelling Hieronder vind je alle veelgestelde vragen die gaan over de topic \u2018Mijn bestelling\u2019. Hoe bestel ik? De bestelling van een toestel gebeurt via Het bestelportaal Hoelang is de levertermijn? De effectieve levering van het toestel hangt af van de gebruikelijke leveringstermijn van de leverancier. Hieromtrent kunnen geen garanties gegeven worden. We trachten de [&hellip;]<\/p>\n","protected":false},"author":1,"featured_media":0,"parent":0,"menu_order":0,"comment_status":"closed","ping_status":"closed","template":"","meta":{"om_disable_all_campaigns":false,"_monsterinsights_skip_tracking":false,"_monsterinsights_sitenote_active":false,"_monsterinsights_sitenote_note":"","_monsterinsights_sitenote_category":0,"footnotes":""},"class_list":["post-67","page","type-page","status-publish","hentry"],"_links":{"self":[{"href":"https:\/\/devso.be\/fr\/wp-json\/wp\/v2\/pages\/67","targetHints":{"allow":["GET"]}}],"collection":[{"href":"https:\/\/devso.be\/fr\/wp-json\/wp\/v2\/pages"}],"about":[{"href":"https:\/\/devso.be\/fr\/wp-json\/wp\/v2\/types\/page"}],"author":[{"embeddable":true,"href":"https:\/\/devso.be\/fr\/wp-json\/wp\/v2\/users\/1"}],"replies":[{"embeddable":true,"href":"https:\/\/devso.be\/fr\/wp-json\/wp\/v2\/comments?post=67"}],"version-history":[{"count":74,"href":"https:\/\/devso.be\/fr\/wp-json\/wp\/v2\/pages\/67\/revisions"}],"predecessor-version":[{"id":757,"href":"https:\/\/devso.be\/fr\/wp-json\/wp\/v2\/pages\/67\/revisions\/757"}],"wp:attachment":[{"href":"https:\/\/devso.be\/fr\/wp-json\/wp\/v2\/media?parent=67"}],"curies":[{"name":"wp","href":"https:\/\/api.w.org\/{rel}","templated":true}]}}