{"id":222,"date":"2022-08-19T07:34:10","date_gmt":"2022-08-19T07:34:10","guid":{"rendered":"https:\/\/devso.be\/?page_id=222"},"modified":"2022-09-08T12:09:05","modified_gmt":"2022-09-08T12:09:05","slug":"mijn-verzekering","status":"publish","type":"page","link":"https:\/\/devso.be\/fr\/mijn-verzekering\/","title":{"rendered":"Mon assurance"},"content":{"rendered":"<div data-elementor-type=\"wp-page\" data-elementor-id=\"222\" class=\"elementor elementor-222\" data-elementor-post-type=\"page\">\n\t\t\t\t\t\t<section class=\"has_eae_slider elementor-section elementor-top-section elementor-element elementor-element-30e8994 elementor-section-boxed elementor-section-height-default elementor-section-height-default\" data-eae-slider=\"89134\" data-id=\"30e8994\" data-element_type=\"section\" data-e-type=\"section\">\n\t\t\t\t\t\t<div class=\"elementor-container elementor-column-gap-default\">\n\t\t\t\t\t<div class=\"has_eae_slider elementor-column elementor-col-100 elementor-top-column elementor-element elementor-element-83911ae\" data-eae-slider=\"91925\" data-id=\"83911ae\" data-element_type=\"column\" data-e-type=\"column\">\n\t\t\t<div class=\"elementor-widget-wrap elementor-element-populated\">\n\t\t\t\t\t\t<div class=\"elementor-element elementor-element-d52574c elementor-nav-menu__align-center elementor-nav-menu--dropdown-mobile elementor-nav-menu--stretch elementor-nav-menu__text-align-aside elementor-nav-menu--toggle elementor-nav-menu--burger elementor-widget elementor-widget-nav-menu\" data-id=\"d52574c\" data-element_type=\"widget\" data-e-type=\"widget\" data-settings=\"{&quot;submenu_icon&quot;:{&quot;value&quot;:&quot;&lt;i class=\\&quot;\\&quot; aria-hidden=\\&quot;true\\&quot;&gt;&lt;\\\/i&gt;&quot;,&quot;library&quot;:&quot;&quot;},&quot;full_width&quot;:&quot;stretch&quot;,&quot;toggle_icon_hover_animation&quot;:&quot;grow&quot;,&quot;layout&quot;:&quot;horizontal&quot;,&quot;toggle&quot;:&quot;burger&quot;}\" data-widget_type=\"nav-menu.default\">\n\t\t\t\t<div class=\"elementor-widget-container\">\n\t\t\t\t\t\t\t\t<nav aria-label=\"Menu\" class=\"elementor-nav-menu--main elementor-nav-menu__container elementor-nav-menu--layout-horizontal e--pointer-underline e--animation-fade\">\n\t\t\t\t<ul id=\"menu-1-d52574c\" class=\"elementor-nav-menu\"><li class=\"menu-item menu-item-type-post_type menu-item-object-page menu-item-700\"><a href=\"https:\/\/devso.be\/fr\/mijn-bestelling\/\" class=\"elementor-item\">Ma commande<\/a><\/li>\n<li class=\"menu-item menu-item-type-post_type menu-item-object-page menu-item-695\"><a href=\"https:\/\/devso.be\/fr\/defect-aan-mijn-toestel\/\" class=\"elementor-item\">Un d\u00e9faut de mon appareil<\/a><\/li>\n<li class=\"menu-item menu-item-type-post_type menu-item-object-page menu-item-694\"><a href=\"https:\/\/devso.be\/fr\/mijn-leasing\/\" class=\"elementor-item\">Mon leasing<\/a><\/li>\n<li class=\"menu-item menu-item-type-post_type menu-item-object-page menu-item-693\"><a href=\"https:\/\/devso.be\/fr\/levering\/\" class=\"elementor-item\">Livraison<\/a><\/li>\n<li class=\"menu-item menu-item-type-post_type menu-item-object-page menu-item-692\"><a href=\"https:\/\/devso.be\/fr\/mijn-toestel\/\" class=\"elementor-item\">Mon appareil<\/a><\/li>\n<li class=\"menu-item menu-item-type-post_type menu-item-object-page menu-item-691\"><a href=\"https:\/\/devso.be\/fr\/mijn-verzekering\/\" class=\"elementor-item\">Mon assurance<\/a><\/li>\n<li class=\"menu-item menu-item-type-post_type menu-item-object-page menu-item-690\"><a href=\"https:\/\/devso.be\/fr\/recycle\/\" class=\"elementor-item\">Recycler<\/a><\/li>\n<\/ul>\t\t\t<\/nav>\n\t\t\t\t\t<div class=\"elementor-menu-toggle\" role=\"button\" tabindex=\"0\" aria-label=\"Permuter le menu\" aria-expanded=\"false\">\n\t\t\t<i aria-hidden=\"true\" role=\"presentation\" class=\"elementor-menu-toggle__icon--open elementor-animation-grow fas fa-search\"><\/i><i aria-hidden=\"true\" role=\"presentation\" class=\"elementor-menu-toggle__icon--close elementor-animation-grow eicon-close\"><\/i>\t\t<\/div>\n\t\t\t\t\t<nav class=\"elementor-nav-menu--dropdown elementor-nav-menu__container\" aria-hidden=\"true\">\n\t\t\t\t<ul id=\"menu-2-d52574c\" class=\"elementor-nav-menu\"><li class=\"menu-item menu-item-type-post_type menu-item-object-page menu-item-700\"><a href=\"https:\/\/devso.be\/fr\/mijn-bestelling\/\" class=\"elementor-item\" tabindex=\"-1\">Ma commande<\/a><\/li>\n<li class=\"menu-item menu-item-type-post_type menu-item-object-page menu-item-695\"><a href=\"https:\/\/devso.be\/fr\/defect-aan-mijn-toestel\/\" class=\"elementor-item\" tabindex=\"-1\">Un d\u00e9faut de mon appareil<\/a><\/li>\n<li class=\"menu-item menu-item-type-post_type menu-item-object-page menu-item-694\"><a href=\"https:\/\/devso.be\/fr\/mijn-leasing\/\" class=\"elementor-item\" tabindex=\"-1\">Mon leasing<\/a><\/li>\n<li class=\"menu-item menu-item-type-post_type menu-item-object-page menu-item-693\"><a href=\"https:\/\/devso.be\/fr\/levering\/\" class=\"elementor-item\" tabindex=\"-1\">Livraison<\/a><\/li>\n<li class=\"menu-item menu-item-type-post_type menu-item-object-page menu-item-692\"><a href=\"https:\/\/devso.be\/fr\/mijn-toestel\/\" class=\"elementor-item\" tabindex=\"-1\">Mon appareil<\/a><\/li>\n<li class=\"menu-item menu-item-type-post_type menu-item-object-page menu-item-691\"><a href=\"https:\/\/devso.be\/fr\/mijn-verzekering\/\" class=\"elementor-item\" tabindex=\"-1\">Mon assurance<\/a><\/li>\n<li class=\"menu-item menu-item-type-post_type menu-item-object-page menu-item-690\"><a href=\"https:\/\/devso.be\/fr\/recycle\/\" class=\"elementor-item\" tabindex=\"-1\">Recycler<\/a><\/li>\n<\/ul>\t\t\t<\/nav>\n\t\t\t\t\t\t<\/div>\n\t\t\t\t<\/div>\n\t\t\t\t\t<\/div>\n\t\t<\/div>\n\t\t\t\t\t<\/div>\n\t\t<\/section>\n\t\t\t\t<section class=\"has_eae_slider elementor-section elementor-top-section elementor-element elementor-element-dc5421f elementor-section-boxed elementor-section-height-default elementor-section-height-default\" data-eae-slider=\"96283\" data-id=\"dc5421f\" data-element_type=\"section\" data-e-type=\"section\">\n\t\t\t\t\t\t<div class=\"elementor-container elementor-column-gap-default\">\n\t\t\t\t\t<div class=\"has_eae_slider elementor-column elementor-col-100 elementor-top-column elementor-element elementor-element-8c4a542\" data-eae-slider=\"18547\" data-id=\"8c4a542\" data-element_type=\"column\" data-e-type=\"column\">\n\t\t\t<div class=\"elementor-widget-wrap elementor-element-populated\">\n\t\t\t\t\t\t<section class=\"has_eae_slider elementor-section elementor-inner-section elementor-element elementor-element-81b12ba elementor-section-boxed elementor-section-height-default elementor-section-height-default\" data-eae-slider=\"62689\" data-id=\"81b12ba\" data-element_type=\"section\" data-e-type=\"section\">\n\t\t\t\t\t\t<div class=\"elementor-container elementor-column-gap-default\">\n\t\t\t\t\t<div class=\"has_eae_slider elementor-column elementor-col-50 elementor-inner-column elementor-element elementor-element-b634097\" data-eae-slider=\"98917\" data-id=\"b634097\" data-element_type=\"column\" data-e-type=\"column\">\n\t\t\t<div class=\"elementor-widget-wrap elementor-element-populated\">\n\t\t\t\t\t\t<div class=\"elementor-element elementor-element-787f709 elementor-widget elementor-widget-image\" data-id=\"787f709\" data-element_type=\"widget\" data-e-type=\"widget\" data-widget_type=\"image.default\">\n\t\t\t\t<div class=\"elementor-widget-container\">\n\t\t\t\t\t\t\t\t\t\t\t\t\t\t\t<img fetchpriority=\"high\" decoding=\"async\" width=\"500\" height=\"500\" src=\"https:\/\/devso.be\/wp-content\/uploads\/2022\/08\/DEVSO-assets-pictogram-6-01.png\" class=\"attachment-large size-large wp-image-34\" alt=\"\" srcset=\"https:\/\/devso.be\/wp-content\/uploads\/2022\/08\/DEVSO-assets-pictogram-6-01.png 500w, https:\/\/devso.be\/wp-content\/uploads\/2022\/08\/DEVSO-assets-pictogram-6-01-300x300.png 300w, https:\/\/devso.be\/wp-content\/uploads\/2022\/08\/DEVSO-assets-pictogram-6-01-150x150.png 150w\" sizes=\"(max-width: 500px) 100vw, 500px\" \/>\t\t\t\t\t\t\t\t\t\t\t\t\t\t\t<\/div>\n\t\t\t\t<\/div>\n\t\t\t\t\t<\/div>\n\t\t<\/div>\n\t\t\t\t<div class=\"has_eae_slider elementor-column elementor-col-50 elementor-inner-column elementor-element elementor-element-10933db\" data-eae-slider=\"65839\" data-id=\"10933db\" data-element_type=\"column\" data-e-type=\"column\">\n\t\t\t<div class=\"elementor-widget-wrap elementor-element-populated\">\n\t\t\t\t\t\t<div class=\"elementor-element elementor-element-75b8a03 elementor-widget elementor-widget-heading\" data-id=\"75b8a03\" data-element_type=\"widget\" data-e-type=\"widget\" data-widget_type=\"heading.default\">\n\t\t\t\t<div class=\"elementor-widget-container\">\n\t\t\t\t\t<h2 class=\"elementor-heading-title elementor-size-default\">Mon assurance<\/h2>\t\t\t\t<\/div>\n\t\t\t\t<\/div>\n\t\t\t\t<div class=\"elementor-element elementor-element-170582e elementor-widget elementor-widget-text-editor\" data-id=\"170582e\" data-element_type=\"widget\" data-e-type=\"widget\" data-widget_type=\"text-editor.default\">\n\t\t\t\t<div class=\"elementor-widget-container\">\n\t\t\t\t\t\t\t\t\t<p>Vous trouverez ci-dessous toutes les questions fr\u00e9quemment pos\u00e9es sur le th\u00e8me \u00abMon assurance\u00bb.<\/p>\t\t\t\t\t\t\t\t<\/div>\n\t\t\t\t<\/div>\n\t\t\t\t\t<\/div>\n\t\t<\/div>\n\t\t\t\t\t<\/div>\n\t\t<\/section>\n\t\t\t\t<div class=\"elementor-element elementor-element-790bb63 elementor-widget-divider--view-line elementor-widget elementor-widget-divider\" data-id=\"790bb63\" data-element_type=\"widget\" data-e-type=\"widget\" data-widget_type=\"divider.default\">\n\t\t\t\t<div class=\"elementor-widget-container\">\n\t\t\t\t\t\t\t<div class=\"elementor-divider\">\n\t\t\t<span class=\"elementor-divider-separator\">\n\t\t\t\t\t\t<\/span>\n\t\t<\/div>\n\t\t\t\t\t\t<\/div>\n\t\t\t\t<\/div>\n\t\t\t\t\t<\/div>\n\t\t<\/div>\n\t\t\t\t\t<\/div>\n\t\t<\/section>\n\t\t\t\t<section class=\"has_eae_slider elementor-section elementor-top-section elementor-element elementor-element-e05215e elementor-section-boxed elementor-section-height-default elementor-section-height-default\" data-eae-slider=\"80155\" data-id=\"e05215e\" data-element_type=\"section\" data-e-type=\"section\">\n\t\t\t\t\t\t<div class=\"elementor-container elementor-column-gap-default\">\n\t\t\t\t\t<div class=\"has_eae_slider elementor-column elementor-col-100 elementor-top-column elementor-element elementor-element-efe7465\" data-eae-slider=\"21207\" data-id=\"efe7465\" data-element_type=\"column\" data-e-type=\"column\">\n\t\t\t<div class=\"elementor-widget-wrap elementor-element-populated\">\n\t\t\t\t\t\t<div class=\"elementor-element elementor-element-426ea29 elementor-widget elementor-widget-heading\" data-id=\"426ea29\" data-element_type=\"widget\" data-e-type=\"widget\" data-widget_type=\"heading.default\">\n\t\t\t\t<div class=\"elementor-widget-container\">\n\t\t\t\t\t<h2 class=\"elementor-heading-title elementor-size-default\">Que couvre mon assurance ?<\/h2>\t\t\t\t<\/div>\n\t\t\t\t<\/div>\n\t\t\t\t<div class=\"elementor-element elementor-element-3087f13 elementor-widget elementor-widget-text-editor\" data-id=\"3087f13\" data-element_type=\"widget\" data-e-type=\"widget\" data-widget_type=\"text-editor.default\">\n\t\t\t\t<div class=\"elementor-widget-container\">\n\t\t\t\t\t\t\t\t\t<p>Cela d\u00e9pend de la formule choisie :<\/p><ul><li><strong>De base:<\/strong> uniquement la couverture des dommages accidentels (franchise de 100 \u20ac par sinistre)<\/li><li><strong>Confort:<\/strong> couvrir les dommages accidentels et les vols avec violence\/cambriolage (franchise de 100 \u20ac par sinistre)<\/li><li><strong>Tout inclus:<\/strong> m\u00eame couverture que confort mais sans franchise<\/li><\/ul>\t\t\t\t\t\t\t\t<\/div>\n\t\t\t\t<\/div>\n\t\t\t\t<div class=\"elementor-element elementor-element-60d1a71 elementor-widget elementor-widget-heading\" data-id=\"60d1a71\" data-element_type=\"widget\" data-e-type=\"widget\" data-widget_type=\"heading.default\">\n\t\t\t\t<div class=\"elementor-widget-container\">\n\t\t\t\t\t<h2 class=\"elementor-heading-title elementor-size-default\">Qu\u2019entend-on par d\u00e9g\u00e2ts accidentels ?<\/h2>\t\t\t\t<\/div>\n\t\t\t\t<\/div>\n\t\t\t\t<div class=\"elementor-element elementor-element-ff85228 elementor-widget elementor-widget-text-editor\" data-id=\"ff85228\" data-element_type=\"widget\" data-e-type=\"widget\" data-widget_type=\"text-editor.default\">\n\t\t\t\t<div class=\"elementor-widget-container\">\n\t\t\t\t\t\t\t\t\t<div class=\"fusion-toggle-heading\">La destruction de l\u2019appareil assur\u00e9 ou une d\u00e9gradation partielle ou totale qui entrave son bon fonctionnement. La cause de la destruction ou d\u00e9gradation doit \u00eatre soudaine, ind\u00e9pendante de la volont\u00e9 de l\u2019assur\u00e9, impr\u00e9visible et \u00e9trang\u00e8re \u00e0 l\u2019appareil. Exemples : incendie, d\u00e9g\u00e2ts des eaux, chute.<\/div>\t\t\t\t\t\t\t\t<\/div>\n\t\t\t\t<\/div>\n\t\t\t\t<div class=\"elementor-element elementor-element-e471d77 elementor-widget elementor-widget-heading\" data-id=\"e471d77\" data-element_type=\"widget\" data-e-type=\"widget\" data-widget_type=\"heading.default\">\n\t\t\t\t<div class=\"elementor-widget-container\">\n\t\t\t\t\t<h2 class=\"elementor-heading-title elementor-size-default\">Qu\u2019est-ce qui n\u2019est pas couvert par les d\u00e9g\u00e2ts accidentels ?<\/h2>\t\t\t\t<\/div>\n\t\t\t\t<\/div>\n\t\t\t\t<div class=\"elementor-element elementor-element-8c9c506 elementor-widget elementor-widget-text-editor\" data-id=\"8c9c506\" data-element_type=\"widget\" data-e-type=\"widget\" data-widget_type=\"text-editor.default\">\n\t\t\t\t<div class=\"elementor-widget-container\">\n\t\t\t\t\t\t\t\t\t<div class=\"fusion-toggle-heading\"><p>Les d\u00e9g\u00e2ts mat\u00e9riels accidentels ne couvrent pas :<\/p><ul><li>Les d\u00e9g\u00e2ts \u00e0 caract\u00e8re \u00e9lectrique ou m\u00e9canique dus \u00e0 un d\u00e9faut de mati\u00e8re, de construction ou de montage ;<\/li><li>Les d\u00e9g\u00e2ts \u00e0 caract\u00e8re \u00e9lectrique ou m\u00e9canique dus \u00e0 un d\u00e9faut de mati\u00e8re, de construction ou de montage ;<\/li><li>Les d\u00e9g\u00e2ts ou la perte d\u2019un appareil confi\u00e9 \u00e0 transporteur ou \u00e0 une entreprise en vue d\u2019une r\u00e9paration ou d\u2019une adaptation ;<\/li><li>Les d\u00e9g\u00e2ts dus \u00e0 un d\u00e9faut de l\u2019appareil et qui existaient d\u00e9j\u00e0 en tout ou en partie \u00e0 la conclusion du contrat ou \u00e0 l\u2019entr\u00e9e en vigueur des garanties ;<\/li><li>Les d\u00e9g\u00e2ts \u00e0 caract\u00e8re purement esth\u00e9tique qui n\u2019entravent pas le fonctionnement de l\u2019appareil, comme les griffes, d\u00e9colorations, fissures\u2026 ;<\/li><li>Les d\u00e9g\u00e2ts dus \u00e0 l\u2019usure normale de l\u2019appareil assur\u00e9 ;<\/li><li>Les d\u00e9g\u00e2ts \u00e0 un appareil dont le num\u00e9ro de s\u00e9rie est illisible ou a \u00e9t\u00e9 modifi\u00e9 ;<\/li><li>Les d\u00e9g\u00e2ts occasionn\u00e9s par le r\u00e9seau ou par des supports de donn\u00e9es (virus, fraude informatique\u2026) ;<\/li><li>Les d\u00e9g\u00e2ts aux m\u00e9dias ou supports de donn\u00e9es ainsi que les frais de reconstitution de l\u2019information et les charges d\u2019exploitation suppl\u00e9mentaires.<\/li><\/ul><\/div>\t\t\t\t\t\t\t\t<\/div>\n\t\t\t\t<\/div>\n\t\t\t\t<div class=\"elementor-element elementor-element-b396c36 elementor-widget elementor-widget-heading\" data-id=\"b396c36\" data-element_type=\"widget\" data-e-type=\"widget\" data-widget_type=\"heading.default\">\n\t\t\t\t<div class=\"elementor-widget-container\">\n\t\t\t\t\t<h2 class=\"elementor-heading-title elementor-size-default\">Oui, l\u2019assurance couvre les d\u00e9g\u00e2ts des eaux.<\/h2>\t\t\t\t<\/div>\n\t\t\t\t<\/div>\n\t\t\t\t<div class=\"elementor-element elementor-element-7b6a94e elementor-widget elementor-widget-text-editor\" data-id=\"7b6a94e\" data-element_type=\"widget\" data-e-type=\"widget\" data-widget_type=\"text-editor.default\">\n\t\t\t\t<div class=\"elementor-widget-container\">\n\t\t\t\t\t\t\t\t\t<div class=\"fusion-toggle-heading\"><div class=\"fusion-toggle-heading\">Oui, l\u2019assurance couvre les d\u00e9g\u00e2ts des eaux.<\/div><\/div>\t\t\t\t\t\t\t\t<\/div>\n\t\t\t\t<\/div>\n\t\t\t\t<div class=\"elementor-element elementor-element-851ce5e elementor-widget elementor-widget-heading\" data-id=\"851ce5e\" data-element_type=\"widget\" data-e-type=\"widget\" data-widget_type=\"heading.default\">\n\t\t\t\t<div class=\"elementor-widget-container\">\n\t\t\t\t\t<h2 class=\"elementor-heading-title elementor-size-default\">Apr\u00e8s d\u00e9g\u00e2ts des eaux, un appareil peut-il encore \u00eatre r\u00e9par\u00e9 ?<\/h2>\t\t\t\t<\/div>\n\t\t\t\t<\/div>\n\t\t\t\t<div class=\"elementor-element elementor-element-263f55c elementor-widget elementor-widget-text-editor\" data-id=\"263f55c\" data-element_type=\"widget\" data-e-type=\"widget\" data-widget_type=\"text-editor.default\">\n\t\t\t\t<div class=\"elementor-widget-container\">\n\t\t\t\t\t\t\t\t\t<div class=\"fusion-toggle-heading\"><div class=\"fusion-toggle-heading\"><div class=\"fusion-toggle-heading\">Nous ne pouvons jamais conna\u00eetre \u00e0 l\u2019avance l\u2019issue d\u2019une r\u00e9paration. Il faut attendre que le r\u00e9parateur ait re\u00e7u l\u2019appareil.<\/div><\/div><\/div>\t\t\t\t\t\t\t\t<\/div>\n\t\t\t\t<\/div>\n\t\t\t\t<div class=\"elementor-element elementor-element-3e66e60 elementor-widget elementor-widget-heading\" data-id=\"3e66e60\" data-element_type=\"widget\" data-e-type=\"widget\" data-widget_type=\"heading.default\">\n\t\t\t\t<div class=\"elementor-widget-container\">\n\t\t\t\t\t<h2 class=\"elementor-heading-title elementor-size-default\">Mon appareil est en panne et je n\u2019ai pas de backup de mes donn\u00e9es. Est-il encore possible de les r\u00e9cup\u00e9rer ?<\/h2>\t\t\t\t<\/div>\n\t\t\t\t<\/div>\n\t\t\t\t<div class=\"elementor-element elementor-element-cc127d4 elementor-widget elementor-widget-text-editor\" data-id=\"cc127d4\" data-element_type=\"widget\" data-e-type=\"widget\" data-widget_type=\"text-editor.default\">\n\t\t\t\t<div class=\"elementor-widget-container\">\n\t\t\t\t\t\t\t\t\t<div class=\"fusion-toggle-heading\"><div class=\"fusion-toggle-heading\"><div class=\"fusion-toggle-heading\"><p>Malheureusement non. Quand un appareil est envoy\u00e9 en r\u00e9paration, on y installe toujours le dernier logiciel. Cela a pour effet d\u2019effacer les donn\u00e9es personnelles.<\/p><p>Si l\u2019appareil r\u00e9agit encore lorsque vous le reliez \u00e0 un pc, peut-\u00eatre pourrez-vous sauvegarder les donn\u00e9es avant la r\u00e9paration.<\/p><\/div><\/div><\/div>\t\t\t\t\t\t\t\t<\/div>\n\t\t\t\t<\/div>\n\t\t\t\t<div class=\"elementor-element elementor-element-4fa1b99 elementor-widget elementor-widget-heading\" data-id=\"4fa1b99\" data-element_type=\"widget\" data-e-type=\"widget\" data-widget_type=\"heading.default\">\n\t\t\t\t<div class=\"elementor-widget-container\">\n\t\t\t\t\t<h2 class=\"elementor-heading-title elementor-size-default\">\u00c0 combien s\u2019\u00e9l\u00e8ve la franchise ?<\/h2>\t\t\t\t<\/div>\n\t\t\t\t<\/div>\n\t\t\t\t<div class=\"elementor-element elementor-element-7c5fa0a elementor-widget elementor-widget-text-editor\" data-id=\"7c5fa0a\" data-element_type=\"widget\" data-e-type=\"widget\" data-widget_type=\"text-editor.default\">\n\t\t\t\t<div class=\"elementor-widget-container\">\n\t\t\t\t\t\t\t\t\t<div class=\"fusion-toggle-heading\"><div class=\"fusion-toggle-heading\"><div class=\"fusion-toggle-heading\"><p>Cela d\u00e9pend de la formule choisie.<\/p><\/div><\/div><\/div>\t\t\t\t\t\t\t\t<\/div>\n\t\t\t\t<\/div>\n\t\t\t\t<div class=\"elementor-element elementor-element-04db3c8 elementor-widget elementor-widget-heading\" data-id=\"04db3c8\" data-element_type=\"widget\" data-e-type=\"widget\" data-widget_type=\"heading.default\">\n\t\t\t\t<div class=\"elementor-widget-container\">\n\t\t\t\t\t<h2 class=\"elementor-heading-title elementor-size-default\">Puis-je encore changer mon assurance ?<\/h2>\t\t\t\t<\/div>\n\t\t\t\t<\/div>\n\t\t\t\t<div class=\"elementor-element elementor-element-a70f28d elementor-widget elementor-widget-text-editor\" data-id=\"a70f28d\" data-element_type=\"widget\" data-e-type=\"widget\" data-widget_type=\"text-editor.default\">\n\t\t\t\t<div class=\"elementor-widget-container\">\n\t\t\t\t\t\t\t\t\t<div class=\"fusion-toggle-heading\"><div class=\"fusion-toggle-heading\"><div class=\"fusion-toggle-heading\"><p>Apr\u00e8s l\u2019entr\u00e9e en vigueur de l\u2019assurance, il n\u2019est plus possible de changer de formule.<\/p><\/div><\/div><\/div>\t\t\t\t\t\t\t\t<\/div>\n\t\t\t\t<\/div>\n\t\t\t\t<div class=\"elementor-element elementor-element-ccbee82 elementor-widget elementor-widget-heading\" data-id=\"ccbee82\" data-element_type=\"widget\" data-e-type=\"widget\" data-widget_type=\"heading.default\">\n\t\t\t\t<div class=\"elementor-widget-container\">\n\t\t\t\t\t<h2 class=\"elementor-heading-title elementor-size-default\">Puis-je mettre fin \u00e0 mon assurance ?<\/h2>\t\t\t\t<\/div>\n\t\t\t\t<\/div>\n\t\t\t\t<div class=\"elementor-element elementor-element-43e551c elementor-widget elementor-widget-text-editor\" data-id=\"43e551c\" data-element_type=\"widget\" data-e-type=\"widget\" data-widget_type=\"text-editor.default\">\n\t\t\t\t<div class=\"elementor-widget-container\">\n\t\t\t\t\t\t\t\t\t<div class=\"fusion-toggle-heading\"><div class=\"fusion-toggle-heading\"><div class=\"fusion-toggle-heading\"><p>Non, l\u2019assurance est li\u00e9e \u00e0 l\u2019achat de l\u2019appareil.<\/p><\/div><\/div><\/div>\t\t\t\t\t\t\t\t<\/div>\n\t\t\t\t<\/div>\n\t\t\t\t\t<\/div>\n\t\t<\/div>\n\t\t\t\t\t<\/div>\n\t\t<\/section>\n\t\t\t\t<\/div>","protected":false},"excerpt":{"rendered":"<p>Mijn verzekering Hieronder vind je alle veelgestelde vragen die gaan over de topic \u2018Mijn verzekering\u2019. Wat dekt mijn verzekering? Dit hangt af van de door jou gekozen flavor : Basic: alleen dekking accidentele schade (\u20ac100 franchise per schadegeval) Comfort: dekking accidentele schade en diefstal met geweld\/inbraak (\u20ac100 franchise per schadegeval) All-in: zelfde dekking als comfort [&hellip;]<\/p>\n","protected":false},"author":1,"featured_media":0,"parent":0,"menu_order":0,"comment_status":"closed","ping_status":"closed","template":"","meta":{"om_disable_all_campaigns":false,"_monsterinsights_skip_tracking":false,"_monsterinsights_sitenote_active":false,"_monsterinsights_sitenote_note":"","_monsterinsights_sitenote_category":0,"footnotes":""},"class_list":["post-222","page","type-page","status-publish","hentry"],"_links":{"self":[{"href":"https:\/\/devso.be\/fr\/wp-json\/wp\/v2\/pages\/222","targetHints":{"allow":["GET"]}}],"collection":[{"href":"https:\/\/devso.be\/fr\/wp-json\/wp\/v2\/pages"}],"about":[{"href":"https:\/\/devso.be\/fr\/wp-json\/wp\/v2\/types\/page"}],"author":[{"embeddable":true,"href":"https:\/\/devso.be\/fr\/wp-json\/wp\/v2\/users\/1"}],"replies":[{"embeddable":true,"href":"https:\/\/devso.be\/fr\/wp-json\/wp\/v2\/comments?post=222"}],"version-history":[{"count":24,"href":"https:\/\/devso.be\/fr\/wp-json\/wp\/v2\/pages\/222\/revisions"}],"predecessor-version":[{"id":805,"href":"https:\/\/devso.be\/fr\/wp-json\/wp\/v2\/pages\/222\/revisions\/805"}],"wp:attachment":[{"href":"https:\/\/devso.be\/fr\/wp-json\/wp\/v2\/media?parent=222"}],"curies":[{"name":"wp","href":"https:\/\/api.w.org\/{rel}","templated":true}]}}