{"id":183,"date":"2022-08-19T07:07:44","date_gmt":"2022-08-19T07:07:44","guid":{"rendered":"https:\/\/devso.be\/?page_id=183"},"modified":"2022-09-21T12:05:01","modified_gmt":"2022-09-21T12:05:01","slug":"mijn-leasing","status":"publish","type":"page","link":"https:\/\/devso.be\/fr\/mijn-leasing\/","title":{"rendered":"Mon leasing"},"content":{"rendered":"<div data-elementor-type=\"wp-page\" data-elementor-id=\"183\" class=\"elementor elementor-183\" data-elementor-post-type=\"page\">\n\t\t\t\t\t\t<section class=\"has_eae_slider elementor-section elementor-top-section elementor-element elementor-element-1d1b62f elementor-section-boxed elementor-section-height-default elementor-section-height-default\" data-eae-slider=\"96325\" data-id=\"1d1b62f\" data-element_type=\"section\" data-e-type=\"section\">\n\t\t\t\t\t\t<div class=\"elementor-container elementor-column-gap-default\">\n\t\t\t\t\t<div class=\"has_eae_slider elementor-column elementor-col-100 elementor-top-column elementor-element elementor-element-1ef3ed5\" data-eae-slider=\"99583\" data-id=\"1ef3ed5\" data-element_type=\"column\" data-e-type=\"column\">\n\t\t\t<div class=\"elementor-widget-wrap elementor-element-populated\">\n\t\t\t\t\t\t<div class=\"elementor-element elementor-element-d796871 elementor-nav-menu__align-center elementor-nav-menu--dropdown-mobile elementor-nav-menu--stretch elementor-nav-menu__text-align-aside elementor-nav-menu--toggle elementor-nav-menu--burger elementor-widget elementor-widget-nav-menu\" data-id=\"d796871\" data-element_type=\"widget\" data-e-type=\"widget\" data-settings=\"{&quot;submenu_icon&quot;:{&quot;value&quot;:&quot;&lt;i class=\\&quot;\\&quot; aria-hidden=\\&quot;true\\&quot;&gt;&lt;\\\/i&gt;&quot;,&quot;library&quot;:&quot;&quot;},&quot;full_width&quot;:&quot;stretch&quot;,&quot;toggle_icon_hover_animation&quot;:&quot;grow&quot;,&quot;layout&quot;:&quot;horizontal&quot;,&quot;toggle&quot;:&quot;burger&quot;}\" data-widget_type=\"nav-menu.default\">\n\t\t\t\t<div class=\"elementor-widget-container\">\n\t\t\t\t\t\t\t\t<nav aria-label=\"Menu\" class=\"elementor-nav-menu--main elementor-nav-menu__container elementor-nav-menu--layout-horizontal e--pointer-underline e--animation-fade\">\n\t\t\t\t<ul id=\"menu-1-d796871\" class=\"elementor-nav-menu\"><li class=\"menu-item menu-item-type-post_type menu-item-object-page menu-item-700\"><a href=\"https:\/\/devso.be\/fr\/mijn-bestelling\/\" class=\"elementor-item\">Ma commande<\/a><\/li>\n<li class=\"menu-item menu-item-type-post_type menu-item-object-page menu-item-695\"><a href=\"https:\/\/devso.be\/fr\/defect-aan-mijn-toestel\/\" class=\"elementor-item\">Un d\u00e9faut de mon appareil<\/a><\/li>\n<li class=\"menu-item menu-item-type-post_type menu-item-object-page menu-item-694\"><a href=\"https:\/\/devso.be\/fr\/mijn-leasing\/\" class=\"elementor-item\">Mon leasing<\/a><\/li>\n<li class=\"menu-item menu-item-type-post_type menu-item-object-page menu-item-693\"><a href=\"https:\/\/devso.be\/fr\/levering\/\" class=\"elementor-item\">Livraison<\/a><\/li>\n<li class=\"menu-item menu-item-type-post_type menu-item-object-page menu-item-692\"><a href=\"https:\/\/devso.be\/fr\/mijn-toestel\/\" class=\"elementor-item\">Mon appareil<\/a><\/li>\n<li class=\"menu-item menu-item-type-post_type menu-item-object-page menu-item-691\"><a href=\"https:\/\/devso.be\/fr\/mijn-verzekering\/\" class=\"elementor-item\">Mon assurance<\/a><\/li>\n<li class=\"menu-item menu-item-type-post_type menu-item-object-page menu-item-690\"><a href=\"https:\/\/devso.be\/fr\/recycle\/\" class=\"elementor-item\">Recycler<\/a><\/li>\n<\/ul>\t\t\t<\/nav>\n\t\t\t\t\t<div class=\"elementor-menu-toggle\" role=\"button\" tabindex=\"0\" aria-label=\"Permuter le menu\" aria-expanded=\"false\">\n\t\t\t<i aria-hidden=\"true\" role=\"presentation\" class=\"elementor-menu-toggle__icon--open elementor-animation-grow fas fa-search\"><\/i><i aria-hidden=\"true\" role=\"presentation\" class=\"elementor-menu-toggle__icon--close elementor-animation-grow eicon-close\"><\/i>\t\t<\/div>\n\t\t\t\t\t<nav class=\"elementor-nav-menu--dropdown elementor-nav-menu__container\" aria-hidden=\"true\">\n\t\t\t\t<ul id=\"menu-2-d796871\" class=\"elementor-nav-menu\"><li class=\"menu-item menu-item-type-post_type menu-item-object-page menu-item-700\"><a href=\"https:\/\/devso.be\/fr\/mijn-bestelling\/\" class=\"elementor-item\" tabindex=\"-1\">Ma commande<\/a><\/li>\n<li class=\"menu-item menu-item-type-post_type menu-item-object-page menu-item-695\"><a href=\"https:\/\/devso.be\/fr\/defect-aan-mijn-toestel\/\" class=\"elementor-item\" tabindex=\"-1\">Un d\u00e9faut de mon appareil<\/a><\/li>\n<li class=\"menu-item menu-item-type-post_type menu-item-object-page menu-item-694\"><a href=\"https:\/\/devso.be\/fr\/mijn-leasing\/\" class=\"elementor-item\" tabindex=\"-1\">Mon leasing<\/a><\/li>\n<li class=\"menu-item menu-item-type-post_type menu-item-object-page menu-item-693\"><a href=\"https:\/\/devso.be\/fr\/levering\/\" class=\"elementor-item\" tabindex=\"-1\">Livraison<\/a><\/li>\n<li class=\"menu-item menu-item-type-post_type menu-item-object-page menu-item-692\"><a href=\"https:\/\/devso.be\/fr\/mijn-toestel\/\" class=\"elementor-item\" tabindex=\"-1\">Mon appareil<\/a><\/li>\n<li class=\"menu-item menu-item-type-post_type menu-item-object-page menu-item-691\"><a href=\"https:\/\/devso.be\/fr\/mijn-verzekering\/\" class=\"elementor-item\" tabindex=\"-1\">Mon assurance<\/a><\/li>\n<li class=\"menu-item menu-item-type-post_type menu-item-object-page menu-item-690\"><a href=\"https:\/\/devso.be\/fr\/recycle\/\" class=\"elementor-item\" tabindex=\"-1\">Recycler<\/a><\/li>\n<\/ul>\t\t\t<\/nav>\n\t\t\t\t\t\t<\/div>\n\t\t\t\t<\/div>\n\t\t\t\t\t<\/div>\n\t\t<\/div>\n\t\t\t\t\t<\/div>\n\t\t<\/section>\n\t\t\t\t<section class=\"has_eae_slider elementor-section elementor-top-section elementor-element elementor-element-b9b3b48 elementor-section-boxed elementor-section-height-default elementor-section-height-default\" data-eae-slider=\"4371\" data-id=\"b9b3b48\" data-element_type=\"section\" data-e-type=\"section\">\n\t\t\t\t\t\t<div class=\"elementor-container elementor-column-gap-default\">\n\t\t\t\t\t<div class=\"has_eae_slider elementor-column elementor-col-100 elementor-top-column elementor-element elementor-element-675cdcf\" data-eae-slider=\"46216\" data-id=\"675cdcf\" data-element_type=\"column\" data-e-type=\"column\">\n\t\t\t<div class=\"elementor-widget-wrap elementor-element-populated\">\n\t\t\t\t\t\t<section class=\"has_eae_slider elementor-section elementor-inner-section elementor-element elementor-element-1b7b2f8 elementor-section-boxed elementor-section-height-default elementor-section-height-default\" data-eae-slider=\"22414\" data-id=\"1b7b2f8\" data-element_type=\"section\" data-e-type=\"section\">\n\t\t\t\t\t\t<div class=\"elementor-container elementor-column-gap-default\">\n\t\t\t\t\t<div class=\"has_eae_slider elementor-column elementor-col-50 elementor-inner-column elementor-element elementor-element-d74c2f5\" data-eae-slider=\"66987\" data-id=\"d74c2f5\" data-element_type=\"column\" data-e-type=\"column\">\n\t\t\t<div class=\"elementor-widget-wrap elementor-element-populated\">\n\t\t\t\t\t\t<div class=\"elementor-element elementor-element-616c555 elementor-widget elementor-widget-image\" data-id=\"616c555\" data-element_type=\"widget\" data-e-type=\"widget\" data-widget_type=\"image.default\">\n\t\t\t\t<div class=\"elementor-widget-container\">\n\t\t\t\t\t\t\t\t\t\t\t\t\t\t\t<img fetchpriority=\"high\" decoding=\"async\" width=\"500\" height=\"500\" src=\"https:\/\/devso.be\/wp-content\/uploads\/2022\/08\/DEVSO-assets-pictogram-3-01.png\" class=\"attachment-large size-large wp-image-37\" alt=\"\" srcset=\"https:\/\/devso.be\/wp-content\/uploads\/2022\/08\/DEVSO-assets-pictogram-3-01.png 500w, https:\/\/devso.be\/wp-content\/uploads\/2022\/08\/DEVSO-assets-pictogram-3-01-300x300.png 300w, https:\/\/devso.be\/wp-content\/uploads\/2022\/08\/DEVSO-assets-pictogram-3-01-150x150.png 150w\" sizes=\"(max-width: 500px) 100vw, 500px\" \/>\t\t\t\t\t\t\t\t\t\t\t\t\t\t\t<\/div>\n\t\t\t\t<\/div>\n\t\t\t\t\t<\/div>\n\t\t<\/div>\n\t\t\t\t<div class=\"has_eae_slider elementor-column elementor-col-50 elementor-inner-column elementor-element elementor-element-2f2dfb3\" data-eae-slider=\"54309\" data-id=\"2f2dfb3\" data-element_type=\"column\" data-e-type=\"column\">\n\t\t\t<div class=\"elementor-widget-wrap elementor-element-populated\">\n\t\t\t\t\t\t<div class=\"elementor-element elementor-element-e77c8f5 elementor-widget elementor-widget-heading\" data-id=\"e77c8f5\" data-element_type=\"widget\" data-e-type=\"widget\" data-widget_type=\"heading.default\">\n\t\t\t\t<div class=\"elementor-widget-container\">\n\t\t\t\t\t<h2 class=\"elementor-heading-title elementor-size-default\">Mon leasing<\/h2>\t\t\t\t<\/div>\n\t\t\t\t<\/div>\n\t\t\t\t<div class=\"elementor-element elementor-element-30cd41f elementor-widget elementor-widget-text-editor\" data-id=\"30cd41f\" data-element_type=\"widget\" data-e-type=\"widget\" data-widget_type=\"text-editor.default\">\n\t\t\t\t<div class=\"elementor-widget-container\">\n\t\t\t\t\t\t\t\t\t<p>Vous trouverez ci-dessous toutes les questions fr\u00e9quemment pos\u00e9es sur le th\u00e8me \u00abMon leasing\u00bb.<\/p>\t\t\t\t\t\t\t\t<\/div>\n\t\t\t\t<\/div>\n\t\t\t\t\t<\/div>\n\t\t<\/div>\n\t\t\t\t\t<\/div>\n\t\t<\/section>\n\t\t\t\t<div class=\"elementor-element elementor-element-4ff0073 elementor-widget-divider--view-line elementor-widget elementor-widget-divider\" data-id=\"4ff0073\" data-element_type=\"widget\" data-e-type=\"widget\" data-widget_type=\"divider.default\">\n\t\t\t\t<div class=\"elementor-widget-container\">\n\t\t\t\t\t\t\t<div class=\"elementor-divider\">\n\t\t\t<span class=\"elementor-divider-separator\">\n\t\t\t\t\t\t<\/span>\n\t\t<\/div>\n\t\t\t\t\t\t<\/div>\n\t\t\t\t<\/div>\n\t\t\t\t\t<\/div>\n\t\t<\/div>\n\t\t\t\t\t<\/div>\n\t\t<\/section>\n\t\t\t\t<section class=\"has_eae_slider elementor-section elementor-top-section elementor-element elementor-element-ab4ce25 elementor-section-boxed elementor-section-height-default elementor-section-height-default\" data-eae-slider=\"20440\" data-id=\"ab4ce25\" data-element_type=\"section\" data-e-type=\"section\">\n\t\t\t\t\t\t<div class=\"elementor-container elementor-column-gap-default\">\n\t\t\t\t\t<div class=\"has_eae_slider elementor-column elementor-col-100 elementor-top-column elementor-element elementor-element-668aabd\" data-eae-slider=\"8124\" data-id=\"668aabd\" data-element_type=\"column\" data-e-type=\"column\">\n\t\t\t<div class=\"elementor-widget-wrap elementor-element-populated\">\n\t\t\t\t\t\t<div class=\"elementor-element elementor-element-3eda8de elementor-widget elementor-widget-heading\" data-id=\"3eda8de\" data-element_type=\"widget\" data-e-type=\"widget\" data-widget_type=\"heading.default\">\n\t\t\t\t<div class=\"elementor-widget-container\">\n\t\t\t\t\t<h2 class=\"elementor-heading-title elementor-size-default\">\nO\u00f9 puis-je trouver l\u2019assortiment dans lequel je peux commander ?<\/h2>\t\t\t\t<\/div>\n\t\t\t\t<\/div>\n\t\t\t\t<div class=\"elementor-element elementor-element-14b0569 elementor-widget__width-auto elementor-widget elementor-widget-text-editor\" data-id=\"14b0569\" data-element_type=\"widget\" data-e-type=\"widget\" data-widget_type=\"text-editor.default\">\n\t\t\t\t<div class=\"elementor-widget-container\">\n\t\t\t\t\t\t\t\t\t<p>L\u2019assortiment dans lequel vous pouvez commander se trouve sur<\/p>\t\t\t\t\t\t\t\t<\/div>\n\t\t\t\t<\/div>\n\t\t\t\t<div class=\"elementor-element elementor-element-541f143 elementor-align-center elementor-widget__width-auto elementor-widget elementor-widget-button\" data-id=\"541f143\" data-element_type=\"widget\" data-e-type=\"widget\" data-widget_type=\"button.default\">\n\t\t\t\t<div class=\"elementor-widget-container\">\n\t\t\t\t\t\t\t\t\t<div class=\"elementor-button-wrapper\">\n\t\t\t\t\t<a class=\"elementor-button elementor-button-link elementor-size-sm elementor-animation-shrink\" href=\"https:\/\/portal.devso.be\/\" target=\"_blank\">\n\t\t\t\t\t\t<span class=\"elementor-button-content-wrapper\">\n\t\t\t\t\t\t\t\t\t<span class=\"elementor-button-text\">le portail de commande.<\/span>\n\t\t\t\t\t<\/span>\n\t\t\t\t\t<\/a>\n\t\t\t\t<\/div>\n\t\t\t\t\t\t\t\t<\/div>\n\t\t\t\t<\/div>\n\t\t\t\t<div class=\"elementor-element elementor-element-988b696 elementor-widget elementor-widget-heading\" data-id=\"988b696\" data-element_type=\"widget\" data-e-type=\"widget\" data-widget_type=\"heading.default\">\n\t\t\t\t<div class=\"elementor-widget-container\">\n\t\t\t\t\t<h2 class=\"elementor-heading-title elementor-size-default\">\nQuelles sont les conditions d\u2019utilisation de l\u2019appareil ?<\/h2>\t\t\t\t<\/div>\n\t\t\t\t<\/div>\n\t\t\t\t<div class=\"elementor-element elementor-element-ddbe9ea elementor-widget elementor-widget-text-editor\" data-id=\"ddbe9ea\" data-element_type=\"widget\" data-e-type=\"widget\" data-widget_type=\"text-editor.default\">\n\t\t\t\t<div class=\"elementor-widget-container\">\n\t\t\t\t\t\t\t\t\t<p>Pendant la dur\u00e9e du contrat, l\u2019employ\u00e9 utilisera en bon p\u00e8re de famille l\u2019appareil mis \u00e0 sa disposition, conform\u00e9ment \u00e0 sa nature et \u00e0 sa destination.<\/p><p>L\u2019employ\u00e9 s\u2019engage \u00e0 :<\/p><ul><li>Prendre les mesures de pr\u00e9vention n\u00e9cessaires contre le vol et les d\u00e9gradations<\/li><li>D\u00e9clarer imm\u00e9diatement un vol \u00e9ventuel \u00e0 DEVSO<\/li><li>En cas de sinistre, prendre imm\u00e9diatement contact avec DEVSO pour la r\u00e9paration. Le co\u00fbt de la r\u00e9paration est \u00e0 la charge de l\u2019employ\u00e9. S\u2019il s\u2019agit d\u2019un appareil avec assurance des dommages accidentels, l\u2019employ\u00e9 ne supporte que la franchise.<\/li><li>Payer lui-m\u00eame les amendes ou contraventions inflig\u00e9es en relation avec l\u2019appareil.<\/li><\/ul><p>La violation des conditions d\u2019utilisation de cet article sera consid\u00e9r\u00e9e comme une faute personnelle engageant l\u2019enti\u00e8re responsabilit\u00e9 de l\u2019employ\u00e9 en cause.<\/p><p>Un pr\u00e9judice d\u00e9coulant d\u2019une violation des conditions d\u2019utilisation et plus g\u00e9n\u00e9ralement d\u2019un manque de pr\u00e9caution ou d\u2019une n\u00e9gligence sera \u00e9galement mis \u00e0 la charge de l\u2019employ\u00e9.<\/p>\t\t\t\t\t\t\t\t<\/div>\n\t\t\t\t<\/div>\n\t\t\t\t<div class=\"elementor-element elementor-element-54621c2 elementor-widget elementor-widget-heading\" data-id=\"54621c2\" data-element_type=\"widget\" data-e-type=\"widget\" data-widget_type=\"heading.default\">\n\t\t\t\t<div class=\"elementor-widget-container\">\n\t\t\t\t\t<h2 class=\"elementor-heading-title elementor-size-default\">Peut-il \u00eatre mis fin au leasing de mani\u00e8re anticip\u00e9e ?<\/h2>\t\t\t\t<\/div>\n\t\t\t\t<\/div>\n\t\t\t\t<div class=\"elementor-element elementor-element-3bdf356 elementor-widget elementor-widget-text-editor\" data-id=\"3bdf356\" data-element_type=\"widget\" data-e-type=\"widget\" data-widget_type=\"text-editor.default\">\n\t\t\t\t<div class=\"elementor-widget-container\">\n\t\t\t\t\t\t\t\t\t<p>Le droit d\u2019utilisation de l\u2019appareil num\u00e9rique peut \u00eatre interrompu ou arr\u00eat\u00e9 de mani\u00e8re anticip\u00e9e dans les cas suivants seulement :<\/p><ul><li>Fin du contrat de travail<\/li><li>Vol de l\u2019appareil num\u00e9rique<\/li><li>En cas de suspension de longue dur\u00e9e (p.ex. maladie ou accident (de travail) durant plus de 12 mois) si les Ucoins disponibles ne suffisent pas<\/li><li>En cas de suspension d\u00e9finitive<\/li><li>N\u00e9gligence grave dans l\u2019utilisation de l\u2019appareil num\u00e9rique et\/ou infraction grave \u00e0 la politique.<\/li><\/ul><p>Lorsqu\u2019il quitte l\u2019entreprise ou que la mise \u00e0 disposition de l\u2019appareil num\u00e9rique prend fin, l\u2019employ\u00e9 doit restituer celui-ci dans l\u2019\u00e9tat o\u00f9 il l\u2019a re\u00e7u compte tenu d\u2019une usure normale. Il s\u2019engage \u00e0 prendre \u00e0 sa charge les d\u00e9g\u00e2ts qui ne r\u00e9sultent pas d\u2019une utilisation normale.<\/p><p>En cas de vol, l\u2019utilisateur avertit imm\u00e9diatement DEVSO et doit acquitter une indemnit\u00e9 de r\u00e9siliation \u00e0 hauteur des loyers restants plus la valeur r\u00e9siduelle de 16%.<\/p><p>En cas de r\u00e9siliation anticip\u00e9e du contrat, l\u2019utilisateur peut racheter son appareil num\u00e9rique pour la valeur r\u00e9siduelle en vigueur \u00e0 ce moment. Si le contrat de travail est r\u00e9sili\u00e9 sur d\u00e9cision de l\u2019utilisateur et qu\u2019en cons\u00e9quence, le contrat de leasing de l\u2019appareil num\u00e9rique est interrompu de mani\u00e8re anticip\u00e9e, l\u2019utilisateur prend en charge l\u2019indemnit\u00e9 de r\u00e9siliation \u00e0 hauteur des loyers restants plus la valeur r\u00e9siduelle de 16%.<\/p><p>Si, apr\u00e8s la fin de la p\u00e9riode de mise \u00e0 disposition, l\u2019appareil num\u00e9rique n\u2019est pas restitu\u00e9 dans un d\u00e9lai de 1 semaine, l\u2019employ\u00e9 sera r\u00e9put\u00e9 avoir opt\u00e9 pour l\u2019achat de l\u2019appareil. L\u2019employ\u00e9 accepte que le paiement rev\u00eate la forme d\u2019une retenue sur son salaire net. Si le solde de son salaire ne suffit pas, le reste de la somme sera pay\u00e9 par virement.<\/p>\t\t\t\t\t\t\t\t<\/div>\n\t\t\t\t<\/div>\n\t\t\t\t\t<\/div>\n\t\t<\/div>\n\t\t\t\t\t<\/div>\n\t\t<\/section>\n\t\t\t\t<\/div>","protected":false},"excerpt":{"rendered":"<p>Mijn leasing Hieronder vind je alle veelgestelde vragen die gaan over de topic \u2018Mijn leasing\u2019. Waar vind ik het aanbod waar ik kan uit bestellen? Het aanbod waaruit je kan bestellen, kan je terugvinden in Het bestelportaal Wat zijn de gebruiksvoorwaarden van het toestel? Tijdens de duur van de aangegane overeenkomst zal de medewerker het [&hellip;]<\/p>\n","protected":false},"author":1,"featured_media":0,"parent":0,"menu_order":0,"comment_status":"closed","ping_status":"closed","template":"","meta":{"om_disable_all_campaigns":false,"_monsterinsights_skip_tracking":false,"_monsterinsights_sitenote_active":false,"_monsterinsights_sitenote_note":"","_monsterinsights_sitenote_category":0,"footnotes":""},"class_list":["post-183","page","type-page","status-publish","hentry"],"_links":{"self":[{"href":"https:\/\/devso.be\/fr\/wp-json\/wp\/v2\/pages\/183","targetHints":{"allow":["GET"]}}],"collection":[{"href":"https:\/\/devso.be\/fr\/wp-json\/wp\/v2\/pages"}],"about":[{"href":"https:\/\/devso.be\/fr\/wp-json\/wp\/v2\/types\/page"}],"author":[{"embeddable":true,"href":"https:\/\/devso.be\/fr\/wp-json\/wp\/v2\/users\/1"}],"replies":[{"embeddable":true,"href":"https:\/\/devso.be\/fr\/wp-json\/wp\/v2\/comments?post=183"}],"version-history":[{"count":47,"href":"https:\/\/devso.be\/fr\/wp-json\/wp\/v2\/pages\/183\/revisions"}],"predecessor-version":[{"id":2014,"href":"https:\/\/devso.be\/fr\/wp-json\/wp\/v2\/pages\/183\/revisions\/2014"}],"wp:attachment":[{"href":"https:\/\/devso.be\/fr\/wp-json\/wp\/v2\/media?parent=183"}],"curies":[{"name":"wp","href":"https:\/\/api.w.org\/{rel}","templated":true}]}}