{"id":1476,"date":"2022-09-13T13:28:52","date_gmt":"2022-09-13T13:28:52","guid":{"rendered":"https:\/\/devso.be\/?page_id=1476"},"modified":"2025-07-08T15:39:23","modified_gmt":"2025-07-08T13:39:23","slug":"aon-mijn-toestel","status":"publish","type":"page","link":"https:\/\/devso.be\/fr\/aon\/aon-mijn-toestel\/","title":{"rendered":"Aon Mijn toestel"},"content":{"rendered":"<div data-elementor-type=\"wp-page\" data-elementor-id=\"1476\" class=\"elementor elementor-1476\" data-elementor-post-type=\"page\">\n\t\t\t\t\t\t<section class=\"has_eae_slider elementor-section elementor-top-section elementor-element elementor-element-c79148e elementor-section-boxed elementor-section-height-default elementor-section-height-default\" data-eae-slider=\"38778\" data-id=\"c79148e\" data-element_type=\"section\" data-e-type=\"section\">\n\t\t\t\t\t\t<div class=\"elementor-container elementor-column-gap-default\">\n\t\t\t\t\t<div class=\"has_eae_slider elementor-column elementor-col-100 elementor-top-column elementor-element elementor-element-87317cc\" data-eae-slider=\"70839\" data-id=\"87317cc\" data-element_type=\"column\" data-e-type=\"column\">\n\t\t\t<div class=\"elementor-widget-wrap elementor-element-populated\">\n\t\t\t\t\t\t<section class=\"has_eae_slider elementor-section elementor-inner-section elementor-element elementor-element-b6917fe elementor-section-boxed elementor-section-height-default elementor-section-height-default\" data-eae-slider=\"46567\" data-id=\"b6917fe\" data-element_type=\"section\" data-e-type=\"section\">\n\t\t\t\t\t\t<div class=\"elementor-container elementor-column-gap-default\">\n\t\t\t\t\t<div class=\"has_eae_slider elementor-column elementor-col-50 elementor-inner-column elementor-element elementor-element-96c5754\" data-eae-slider=\"71182\" data-id=\"96c5754\" data-element_type=\"column\" data-e-type=\"column\">\n\t\t\t<div class=\"elementor-widget-wrap elementor-element-populated\">\n\t\t\t\t\t\t<div class=\"elementor-element elementor-element-10f89a6 elementor-widget elementor-widget-image\" data-id=\"10f89a6\" data-element_type=\"widget\" data-e-type=\"widget\" data-widget_type=\"image.default\">\n\t\t\t\t<div class=\"elementor-widget-container\">\n\t\t\t\t\t\t\t\t\t\t\t\t\t\t\t<img fetchpriority=\"high\" decoding=\"async\" width=\"500\" height=\"500\" src=\"https:\/\/devso.be\/wp-content\/uploads\/2022\/08\/DEVSO-assets-pictogram-3-01.png\" class=\"attachment-large size-large wp-image-37\" alt=\"\" srcset=\"https:\/\/devso.be\/wp-content\/uploads\/2022\/08\/DEVSO-assets-pictogram-3-01.png 500w, https:\/\/devso.be\/wp-content\/uploads\/2022\/08\/DEVSO-assets-pictogram-3-01-300x300.png 300w, https:\/\/devso.be\/wp-content\/uploads\/2022\/08\/DEVSO-assets-pictogram-3-01-150x150.png 150w\" sizes=\"(max-width: 500px) 100vw, 500px\" \/>\t\t\t\t\t\t\t\t\t\t\t\t\t\t\t<\/div>\n\t\t\t\t<\/div>\n\t\t\t\t\t<\/div>\n\t\t<\/div>\n\t\t\t\t<div class=\"has_eae_slider elementor-column elementor-col-50 elementor-inner-column elementor-element elementor-element-b85a5c7\" data-eae-slider=\"72174\" data-id=\"b85a5c7\" data-element_type=\"column\" data-e-type=\"column\">\n\t\t\t<div class=\"elementor-widget-wrap elementor-element-populated\">\n\t\t\t\t\t\t<div class=\"elementor-element elementor-element-45deb1d elementor-widget elementor-widget-heading\" data-id=\"45deb1d\" data-element_type=\"widget\" data-e-type=\"widget\" data-widget_type=\"heading.default\">\n\t\t\t\t<div class=\"elementor-widget-container\">\n\t\t\t\t\t<h2 class=\"elementor-heading-title elementor-size-default\">Mon appareil<\/h2>\t\t\t\t<\/div>\n\t\t\t\t<\/div>\n\t\t\t\t<div class=\"elementor-element elementor-element-035b4bf elementor-widget elementor-widget-text-editor\" data-id=\"035b4bf\" data-element_type=\"widget\" data-e-type=\"widget\" data-widget_type=\"text-editor.default\">\n\t\t\t\t<div class=\"elementor-widget-container\">\n\t\t\t\t\t\t\t\t\t<div class=\"fusion-text fusion-text-1\"><p>Vous trouverez ci-dessous toutes les questions fr\u00e9quemment pos\u00e9es sur le sujet \u00abUn d\u00e9faut de mon appareil\u00bb.<\/p><\/div>\t\t\t\t\t\t\t\t<\/div>\n\t\t\t\t<\/div>\n\t\t\t\t\t<\/div>\n\t\t<\/div>\n\t\t\t\t\t<\/div>\n\t\t<\/section>\n\t\t\t\t<div class=\"elementor-element elementor-element-7c11927 elementor-widget-divider--view-line elementor-widget elementor-widget-divider\" data-id=\"7c11927\" data-element_type=\"widget\" data-e-type=\"widget\" data-widget_type=\"divider.default\">\n\t\t\t\t<div class=\"elementor-widget-container\">\n\t\t\t\t\t\t\t<div class=\"elementor-divider\">\n\t\t\t<span class=\"elementor-divider-separator\">\n\t\t\t\t\t\t<\/span>\n\t\t<\/div>\n\t\t\t\t\t\t<\/div>\n\t\t\t\t<\/div>\n\t\t\t\t\t<\/div>\n\t\t<\/div>\n\t\t\t\t\t<\/div>\n\t\t<\/section>\n\t\t\t\t<section class=\"has_eae_slider elementor-section elementor-top-section elementor-element elementor-element-e379bed elementor-section-boxed elementor-section-height-default elementor-section-height-default\" data-eae-slider=\"18484\" data-id=\"e379bed\" data-element_type=\"section\" data-e-type=\"section\">\n\t\t\t\t\t\t<div class=\"elementor-container elementor-column-gap-default\">\n\t\t\t\t\t<div class=\"has_eae_slider elementor-column elementor-col-100 elementor-top-column elementor-element elementor-element-ba6c80a\" data-eae-slider=\"87633\" data-id=\"ba6c80a\" data-element_type=\"column\" data-e-type=\"column\">\n\t\t\t<div class=\"elementor-widget-wrap elementor-element-populated\">\n\t\t\t\t\t\t<div class=\"elementor-element elementor-element-3840c6c elementor-widget elementor-widget-heading\" data-id=\"3840c6c\" data-element_type=\"widget\" data-e-type=\"widget\" data-widget_type=\"heading.default\">\n\t\t\t\t<div class=\"elementor-widget-container\">\n\t\t\t\t\t<h2 class=\"elementor-heading-title elementor-size-default\">Puis-je faire assurer mon appareil ?<\/h2>\t\t\t\t<\/div>\n\t\t\t\t<\/div>\n\t\t\t\t<div class=\"elementor-element elementor-element-1e490b3 elementor-widget elementor-widget-text-editor\" data-id=\"1e490b3\" data-element_type=\"widget\" data-e-type=\"widget\" data-widget_type=\"text-editor.default\">\n\t\t\t\t<div class=\"elementor-widget-container\">\n\t\t\t\t\t\t\t\t\t<div class=\"fusion-toggle-heading\"><p>Si la valeur de l\u2019appareil est inf\u00e9rieure \u00e0 300 euros, vous pouvez d\u00e9cider vous-m\u00eame de contracter une assurance.<\/p><p>Si la valeur de l\u2019appareil est inf\u00e9rieure \u00e0 300 euros, vous pouvez d\u00e9cider vous-m\u00eame de contracter une assurance.<\/p><\/div>\t\t\t\t\t\t\t\t<\/div>\n\t\t\t\t<\/div>\n\t\t\t\t<div class=\"elementor-element elementor-element-e380598 elementor-widget elementor-widget-heading\" data-id=\"e380598\" data-element_type=\"widget\" data-e-type=\"widget\" data-widget_type=\"heading.default\">\n\t\t\t\t<div class=\"elementor-widget-container\">\n\t\t\t\t\t<h2 class=\"elementor-heading-title elementor-size-default\">Combien de temps dure la garantie de mon appareil ?<\/h2>\t\t\t\t<\/div>\n\t\t\t\t<\/div>\n\t\t\t\t<div class=\"elementor-element elementor-element-3cbdb78 elementor-widget elementor-widget-text-editor\" data-id=\"3cbdb78\" data-element_type=\"widget\" data-e-type=\"widget\" data-widget_type=\"text-editor.default\">\n\t\t\t\t<div class=\"elementor-widget-container\">\n\t\t\t\t\t\t\t\t\t<div class=\"fusion-toggle-heading\">DEVSO respecte les conditions de garantie standard des fabricants (garantie 2 ans sur l&#039;appareil, garantie 6 mois sur la batterie).<\/div>\t\t\t\t\t\t\t\t<\/div>\n\t\t\t\t<\/div>\n\t\t\t\t<div class=\"elementor-element elementor-element-260e0df elementor-widget elementor-widget-heading\" data-id=\"260e0df\" data-element_type=\"widget\" data-e-type=\"widget\" data-widget_type=\"heading.default\">\n\t\t\t\t<div class=\"elementor-widget-container\">\n\t\t\t\t\t<h2 class=\"elementor-heading-title elementor-size-default\">Puis-je acheter une garantie en plus ?<\/h2>\t\t\t\t<\/div>\n\t\t\t\t<\/div>\n\t\t\t\t<div class=\"elementor-element elementor-element-8ca3292 elementor-widget elementor-widget-text-editor\" data-id=\"8ca3292\" data-element_type=\"widget\" data-e-type=\"widget\" data-widget_type=\"text-editor.default\">\n\t\t\t\t<div class=\"elementor-widget-container\">\n\t\t\t\t\t\t\t\t\t<div class=\"fusion-toggle-heading\">Non, ce n\u2019est pas possible.<\/div>\t\t\t\t\t\t\t\t<\/div>\n\t\t\t\t<\/div>\n\t\t\t\t<div class=\"elementor-element elementor-element-a401ec1 elementor-widget elementor-widget-heading\" data-id=\"a401ec1\" data-element_type=\"widget\" data-e-type=\"widget\" data-widget_type=\"heading.default\">\n\t\t\t\t<div class=\"elementor-widget-container\">\n\t\t\t\t\t<h2 class=\"elementor-heading-title elementor-size-default\">Puis-je aussi utiliser mon appareil \u00e0 des fins priv\u00e9es ?<\/h2>\t\t\t\t<\/div>\n\t\t\t\t<\/div>\n\t\t\t\t<div class=\"elementor-element elementor-element-b2d83d3 elementor-widget elementor-widget-text-editor\" data-id=\"b2d83d3\" data-element_type=\"widget\" data-e-type=\"widget\" data-widget_type=\"text-editor.default\">\n\t\t\t\t<div class=\"elementor-widget-container\">\n\t\t\t\t\t\t\t\t\t<p>D\u2019apr\u00e8s la r\u00e9glementation actuelle, lorsque l\u2019employeur met un appareil num\u00e9rique \u00e0 la disposition de ses employ\u00e9s pour un usage mixte professionnel et priv\u00e9, cela constitue un avantage de toute nature. Vous pouvez utiliser l\u2019appareil pour le travail et en priv\u00e9. Chaque mois, une somme correspondant \u00e0 cet avantage sera retenue de votre salaire. Cet avantage de toute nature (ATN) est soumis \u00e0 l\u2019imp\u00f4t et aux cotisations d\u2019ONSS.<\/p><p>Smartphone et tablette : ATN 3\u20ac\/mois<\/p><p>Laptop et desktop : ATN 6\u20ac\/mois<\/p>\t\t\t\t\t\t\t\t<\/div>\n\t\t\t\t<\/div>\n\t\t\t\t<div class=\"elementor-element elementor-element-2a23767 elementor-widget elementor-widget-heading\" data-id=\"2a23767\" data-element_type=\"widget\" data-e-type=\"widget\" data-widget_type=\"heading.default\">\n\t\t\t\t<div class=\"elementor-widget-container\">\n\t\t\t\t\t<h2 class=\"elementor-heading-title elementor-size-default\">Je n\u2019ai pas trouv\u00e9 ci-dessus les r\u00e9ponses \u00e0 mes autres questions concernant mon appareil. O\u00f9 puis-je m\u2019adresser ?<\/h2>\t\t\t\t<\/div>\n\t\t\t\t<\/div>\n\t\t\t\t<div class=\"elementor-element elementor-element-15ea671 elementor-widget elementor-widget-text-editor\" data-id=\"15ea671\" data-element_type=\"widget\" data-e-type=\"widget\" data-widget_type=\"text-editor.default\">\n\t\t\t\t<div class=\"elementor-widget-container\">\n\t\t\t\t\t\t\t\t\t<div class=\"fusion-toggle-heading\"><p>Vous pouvez contacter Devso \u00e0 l'adresse \u00e9lectronique : <a href=\"mailto:basf@devso.be\">endpoints@devso.be<\/a><\/p><\/div>\t\t\t\t\t\t\t\t<\/div>\n\t\t\t\t<\/div>\n\t\t\t\t\t<\/div>\n\t\t<\/div>\n\t\t\t\t\t<\/div>\n\t\t<\/section>\n\t\t\t\t<\/div>","protected":false},"excerpt":{"rendered":"<p>Mijn toestel Hieronder vind je alle veelgestelde vragen die gaan over de topic \u2018Mijn toestel\u2019. Kan ik mijn toestel verzekeren? Indien de waarde van je toestel hoger is dan 300 euro, zit er automatisch een verzekering in het leasingcontract. Je kan kiezen om deze te upgraden. Indien de waarde van je toestel lager is dan [&hellip;]<\/p>\n","protected":false},"author":1,"featured_media":0,"parent":1392,"menu_order":0,"comment_status":"closed","ping_status":"closed","template":"","meta":{"om_disable_all_campaigns":false,"_monsterinsights_skip_tracking":false,"_monsterinsights_sitenote_active":false,"_monsterinsights_sitenote_note":"","_monsterinsights_sitenote_category":0,"footnotes":""},"class_list":["post-1476","page","type-page","status-publish","hentry"],"_links":{"self":[{"href":"https:\/\/devso.be\/fr\/wp-json\/wp\/v2\/pages\/1476","targetHints":{"allow":["GET"]}}],"collection":[{"href":"https:\/\/devso.be\/fr\/wp-json\/wp\/v2\/pages"}],"about":[{"href":"https:\/\/devso.be\/fr\/wp-json\/wp\/v2\/types\/page"}],"author":[{"embeddable":true,"href":"https:\/\/devso.be\/fr\/wp-json\/wp\/v2\/users\/1"}],"replies":[{"embeddable":true,"href":"https:\/\/devso.be\/fr\/wp-json\/wp\/v2\/comments?post=1476"}],"version-history":[{"count":19,"href":"https:\/\/devso.be\/fr\/wp-json\/wp\/v2\/pages\/1476\/revisions"}],"predecessor-version":[{"id":3408,"href":"https:\/\/devso.be\/fr\/wp-json\/wp\/v2\/pages\/1476\/revisions\/3408"}],"up":[{"embeddable":true,"href":"https:\/\/devso.be\/fr\/wp-json\/wp\/v2\/pages\/1392"}],"wp:attachment":[{"href":"https:\/\/devso.be\/fr\/wp-json\/wp\/v2\/media?parent=1476"}],"curies":[{"name":"wp","href":"https:\/\/api.w.org\/{rel}","templated":true}]}}