{"id":1468,"date":"2022-09-13T13:23:00","date_gmt":"2022-09-13T13:23:00","guid":{"rendered":"https:\/\/devso.be\/?page_id=1468"},"modified":"2025-07-08T15:38:33","modified_gmt":"2025-07-08T13:38:33","slug":"aon-levering","status":"publish","type":"page","link":"https:\/\/devso.be\/fr\/aon\/aon-levering\/","title":{"rendered":"Aon Levering"},"content":{"rendered":"<div data-elementor-type=\"wp-page\" data-elementor-id=\"1468\" class=\"elementor elementor-1468\" data-elementor-post-type=\"page\">\n\t\t\t\t\t\t<section class=\"has_eae_slider elementor-section elementor-top-section elementor-element elementor-element-283c59f elementor-section-boxed elementor-section-height-default elementor-section-height-default\" data-eae-slider=\"86909\" data-id=\"283c59f\" data-element_type=\"section\" data-e-type=\"section\">\n\t\t\t\t\t\t<div class=\"elementor-container elementor-column-gap-default\">\n\t\t\t\t\t<div class=\"has_eae_slider elementor-column elementor-col-100 elementor-top-column elementor-element elementor-element-31286e4\" data-eae-slider=\"9324\" data-id=\"31286e4\" data-element_type=\"column\" data-e-type=\"column\">\n\t\t\t<div class=\"elementor-widget-wrap elementor-element-populated\">\n\t\t\t\t\t\t<section class=\"has_eae_slider elementor-section elementor-inner-section elementor-element elementor-element-3385e25 elementor-section-boxed elementor-section-height-default elementor-section-height-default\" data-eae-slider=\"76096\" data-id=\"3385e25\" data-element_type=\"section\" data-e-type=\"section\">\n\t\t\t\t\t\t<div class=\"elementor-container elementor-column-gap-default\">\n\t\t\t\t\t<div class=\"has_eae_slider elementor-column elementor-col-50 elementor-inner-column elementor-element elementor-element-1962ea3\" data-eae-slider=\"85409\" data-id=\"1962ea3\" data-element_type=\"column\" data-e-type=\"column\">\n\t\t\t<div class=\"elementor-widget-wrap elementor-element-populated\">\n\t\t\t\t\t\t<div class=\"elementor-element elementor-element-e18ffb9 elementor-widget elementor-widget-image\" data-id=\"e18ffb9\" data-element_type=\"widget\" data-e-type=\"widget\" data-widget_type=\"image.default\">\n\t\t\t\t<div class=\"elementor-widget-container\">\n\t\t\t\t\t\t\t\t\t\t\t\t\t\t\t<img fetchpriority=\"high\" decoding=\"async\" width=\"500\" height=\"500\" src=\"https:\/\/devso.be\/wp-content\/uploads\/2022\/08\/DEVSO-assets-pictogram-7-01.png\" class=\"attachment-large size-large wp-image-33\" alt=\"\" srcset=\"https:\/\/devso.be\/wp-content\/uploads\/2022\/08\/DEVSO-assets-pictogram-7-01.png 500w, https:\/\/devso.be\/wp-content\/uploads\/2022\/08\/DEVSO-assets-pictogram-7-01-300x300.png 300w, https:\/\/devso.be\/wp-content\/uploads\/2022\/08\/DEVSO-assets-pictogram-7-01-150x150.png 150w\" sizes=\"(max-width: 500px) 100vw, 500px\" \/>\t\t\t\t\t\t\t\t\t\t\t\t\t\t\t<\/div>\n\t\t\t\t<\/div>\n\t\t\t\t\t<\/div>\n\t\t<\/div>\n\t\t\t\t<div class=\"has_eae_slider elementor-column elementor-col-50 elementor-inner-column elementor-element elementor-element-bbf3288\" data-eae-slider=\"73195\" data-id=\"bbf3288\" data-element_type=\"column\" data-e-type=\"column\">\n\t\t\t<div class=\"elementor-widget-wrap elementor-element-populated\">\n\t\t\t\t\t\t<div class=\"elementor-element elementor-element-2bf7f8e elementor-widget elementor-widget-heading\" data-id=\"2bf7f8e\" data-element_type=\"widget\" data-e-type=\"widget\" data-widget_type=\"heading.default\">\n\t\t\t\t<div class=\"elementor-widget-container\">\n\t\t\t\t\t<h2 class=\"elementor-heading-title elementor-size-default\">Livraison<\/h2>\t\t\t\t<\/div>\n\t\t\t\t<\/div>\n\t\t\t\t<div class=\"elementor-element elementor-element-5efebf9 elementor-widget elementor-widget-text-editor\" data-id=\"5efebf9\" data-element_type=\"widget\" data-e-type=\"widget\" data-widget_type=\"text-editor.default\">\n\t\t\t\t<div class=\"elementor-widget-container\">\n\t\t\t\t\t\t\t\t\t<div class=\"fusion-text fusion-text-1\"><p>Vous trouverez ci-dessous toutes les questions fr\u00e9quemment pos\u00e9es sur le th\u00e8me \u00abLivraison\u00bb.<\/p><\/div>\t\t\t\t\t\t\t\t<\/div>\n\t\t\t\t<\/div>\n\t\t\t\t\t<\/div>\n\t\t<\/div>\n\t\t\t\t\t<\/div>\n\t\t<\/section>\n\t\t\t\t<div class=\"elementor-element elementor-element-4fcf307 elementor-widget-divider--view-line elementor-widget elementor-widget-divider\" data-id=\"4fcf307\" data-element_type=\"widget\" data-e-type=\"widget\" data-widget_type=\"divider.default\">\n\t\t\t\t<div class=\"elementor-widget-container\">\n\t\t\t\t\t\t\t<div class=\"elementor-divider\">\n\t\t\t<span class=\"elementor-divider-separator\">\n\t\t\t\t\t\t<\/span>\n\t\t<\/div>\n\t\t\t\t\t\t<\/div>\n\t\t\t\t<\/div>\n\t\t\t\t\t<\/div>\n\t\t<\/div>\n\t\t\t\t\t<\/div>\n\t\t<\/section>\n\t\t\t\t<section class=\"has_eae_slider elementor-section elementor-top-section elementor-element elementor-element-864c086 elementor-section-boxed elementor-section-height-default elementor-section-height-default\" data-eae-slider=\"66613\" data-id=\"864c086\" data-element_type=\"section\" data-e-type=\"section\">\n\t\t\t\t\t\t<div class=\"elementor-container elementor-column-gap-default\">\n\t\t\t\t\t<div class=\"has_eae_slider elementor-column elementor-col-100 elementor-top-column elementor-element elementor-element-aa89509\" data-eae-slider=\"12744\" data-id=\"aa89509\" data-element_type=\"column\" data-e-type=\"column\">\n\t\t\t<div class=\"elementor-widget-wrap elementor-element-populated\">\n\t\t\t\t\t\t<div class=\"elementor-element elementor-element-c20871d elementor-widget elementor-widget-heading\" data-id=\"c20871d\" data-element_type=\"widget\" data-e-type=\"widget\" data-widget_type=\"heading.default\">\n\t\t\t\t<div class=\"elementor-widget-container\">\n\t\t\t\t\t<h2 class=\"elementor-heading-title elementor-size-default\">G\u00e9n\u00e9ralit\u00e9s<\/h2>\t\t\t\t<\/div>\n\t\t\t\t<\/div>\n\t\t\t\t<div class=\"elementor-element elementor-element-74ecac3 elementor-widget elementor-widget-heading\" data-id=\"74ecac3\" data-element_type=\"widget\" data-e-type=\"widget\" data-widget_type=\"heading.default\">\n\t\t\t\t<div class=\"elementor-widget-container\">\n\t\t\t\t\t<h2 class=\"elementor-heading-title elementor-size-default\">La livraison est-elle gratuite ?<\/h2>\t\t\t\t<\/div>\n\t\t\t\t<\/div>\n\t\t\t\t<div class=\"elementor-element elementor-element-471837e elementor-widget__width-auto elementor-widget elementor-widget-text-editor\" data-id=\"471837e\" data-element_type=\"widget\" data-e-type=\"widget\" data-widget_type=\"text-editor.default\">\n\t\t\t\t<div class=\"elementor-widget-container\">\n\t\t\t\t\t\t\t\t\t<p>Cela d\u00e9pend de la valeur de votre appareil. Si sa valeur ne d\u00e9passe pas 299 euros, des frais de transport de 12 euros vous seront factur\u00e9s.<\/p>\t\t\t\t\t\t\t\t<\/div>\n\t\t\t\t<\/div>\n\t\t\t\t<div class=\"elementor-element elementor-element-72d9408 elementor-widget elementor-widget-heading\" data-id=\"72d9408\" data-element_type=\"widget\" data-e-type=\"widget\" data-widget_type=\"heading.default\">\n\t\t\t\t<div class=\"elementor-widget-container\">\n\t\t\t\t\t<h2 class=\"elementor-heading-title elementor-size-default\">Quels sont les modes de livraison possibles ?<\/h2>\t\t\t\t<\/div>\n\t\t\t\t<\/div>\n\t\t\t\t<div class=\"elementor-element elementor-element-aae5913 elementor-widget elementor-widget-text-editor\" data-id=\"aae5913\" data-element_type=\"widget\" data-e-type=\"widget\" data-widget_type=\"text-editor.default\">\n\t\t\t\t<div class=\"elementor-widget-container\">\n\t\t\t\t\t\t\t\t\t<p>Les appareils sont livr\u00e9s par BPOST.<\/p><p>Vous pouvez choisir votre endroit de livraison :<\/p><ul><li>Adresse priv\u00e9e (la v\u00f4tre ou celle de quelqu\u2019un d\u2019autre)<\/li><li>Adresse professionnelle (n\u2019oubliez pas de pr\u00e9ciser le destinataire exact)<\/li><li>Point d\u2019enl\u00e8vement<\/li><li>Distributeur de paquets<\/li><li>Magasin Click &amp; connect<\/li><\/ul>\t\t\t\t\t\t\t\t<\/div>\n\t\t\t\t<\/div>\n\t\t\t\t<div class=\"elementor-element elementor-element-1993d38 elementor-widget elementor-widget-heading\" data-id=\"1993d38\" data-element_type=\"widget\" data-e-type=\"widget\" data-widget_type=\"heading.default\">\n\t\t\t\t<div class=\"elementor-widget-container\">\n\t\t\t\t\t<h2 class=\"elementor-heading-title elementor-size-default\">Ma commande comporte plusieurs appareils. Seront-ils livr\u00e9s ensemble ?<\/h2>\t\t\t\t<\/div>\n\t\t\t\t<\/div>\n\t\t\t\t<div class=\"elementor-element elementor-element-5096b3c elementor-widget elementor-widget-text-editor\" data-id=\"5096b3c\" data-element_type=\"widget\" data-e-type=\"widget\" data-widget_type=\"text-editor.default\">\n\t\t\t\t<div class=\"elementor-widget-container\">\n\t\t\t\t\t\t\t\t\t<p>Non, d\u00e8s qu\u2019un appareil est disponible, il est envoy\u00e9. Le solde de la commande est livr\u00e9 ensuite.<\/p>\t\t\t\t\t\t\t\t<\/div>\n\t\t\t\t<\/div>\n\t\t\t\t<div class=\"elementor-element elementor-element-397660e elementor-widget elementor-widget-heading\" data-id=\"397660e\" data-element_type=\"widget\" data-e-type=\"widget\" data-widget_type=\"heading.default\">\n\t\t\t\t<div class=\"elementor-widget-container\">\n\t\t\t\t\t<h2 class=\"elementor-heading-title elementor-size-default\">Que se passe-t-il si j\u2019oublie d\u2019aller chercher mon paquet au point d\u2019enl\u00e8vement ?<\/h2>\t\t\t\t<\/div>\n\t\t\t\t<\/div>\n\t\t\t\t<div class=\"elementor-element elementor-element-d0e7117 elementor-widget elementor-widget-text-editor\" data-id=\"d0e7117\" data-element_type=\"widget\" data-e-type=\"widget\" data-widget_type=\"text-editor.default\">\n\t\t\t\t<div class=\"elementor-widget-container\">\n\t\t\t\t\t\t\t\t\t<p>Le paquet reste 2 semaines (14 jours, le jour du passage du facteur non compris) \u00e0 votre disposition au point d\u2019enl\u00e8vement. Si le paquet n\u2019est pas enlev\u00e9 dans ce d\u00e9lai, il est renvoy\u00e9 \u00e0 l\u2019exp\u00e9diteur.<\/p>\t\t\t\t\t\t\t\t<\/div>\n\t\t\t\t<\/div>\n\t\t\t\t<div class=\"elementor-element elementor-element-cf3e2e4 elementor-widget elementor-widget-heading\" data-id=\"cf3e2e4\" data-element_type=\"widget\" data-e-type=\"widget\" data-widget_type=\"heading.default\">\n\t\t\t\t<div class=\"elementor-widget-container\">\n\t\t\t\t\t<h2 class=\"elementor-heading-title elementor-size-default\">De status van mijn bestelling staat op verzonden en de track &amp; trace staat op afgeleverd. Ik heb niets gekregen. Wat nu?<\/h2>\t\t\t\t<\/div>\n\t\t\t\t<\/div>\n\t\t\t\t<div class=\"elementor-element elementor-element-4fc2d0a elementor-widget elementor-widget-text-editor\" data-id=\"4fc2d0a\" data-element_type=\"widget\" data-e-type=\"widget\" data-widget_type=\"text-editor.default\">\n\t\t\t\t<div class=\"elementor-widget-container\">\n\t\t\t\t\t\t\t\t\t<p>Regardez dans votre bo\u00eete aux lettres. Si vous n\u2019\u00eates pas chez vous au moment de la livraison, le facteur laisse un mot dans la bo\u00eete pour vous avertir que le colis se trouve au bureau de poste le plus proche. Si vous le souhaitez, le facteur peut pr\u00e9senter une deuxi\u00e8me fois le paquet.<sup>de<\/sup>\u00a0une deuxi\u00e8me fois le paquet.<\/p>\t\t\t\t\t\t\t\t<\/div>\n\t\t\t\t<\/div>\n\t\t\t\t<div class=\"elementor-element elementor-element-63ce0fc elementor-widget elementor-widget-heading\" data-id=\"63ce0fc\" data-element_type=\"widget\" data-e-type=\"widget\" data-widget_type=\"heading.default\">\n\t\t\t\t<div class=\"elementor-widget-container\">\n\t\t\t\t\t<h2 class=\"elementor-heading-title elementor-size-default\">\nJ\u2019ai re\u00e7u un appareil endommag\u00e9 ou d\u00e9fectueux, ou une commande incompl\u00e8te. Et maintenant ?<\/h2>\t\t\t\t<\/div>\n\t\t\t\t<\/div>\n\t\t\t\t<div class=\"elementor-element elementor-element-f7f287b elementor-widget elementor-widget-text-editor\" data-id=\"f7f287b\" data-element_type=\"widget\" data-e-type=\"widget\" data-widget_type=\"text-editor.default\">\n\t\t\t\t<div class=\"elementor-widget-container\">\n\t\t\t\t\t\t\t\t\t<p>En cas de probl\u00e8me de livraison, veuillez vous adresser \u00e0 service@devso.be <a href=\"mailto:basf@devso.be\">endpoints@devso.be<\/a><\/p>\t\t\t\t\t\t\t\t<\/div>\n\t\t\t\t<\/div>\n\t\t\t\t<div class=\"elementor-element elementor-element-4202f9a elementor-widget-divider--view-line elementor-widget elementor-widget-divider\" data-id=\"4202f9a\" data-element_type=\"widget\" data-e-type=\"widget\" data-widget_type=\"divider.default\">\n\t\t\t\t<div class=\"elementor-widget-container\">\n\t\t\t\t\t\t\t<div class=\"elementor-divider\">\n\t\t\t<span class=\"elementor-divider-separator\">\n\t\t\t\t\t\t<\/span>\n\t\t<\/div>\n\t\t\t\t\t\t<\/div>\n\t\t\t\t<\/div>\n\t\t\t\t<div class=\"elementor-element elementor-element-ac5bf23 elementor-widget elementor-widget-heading\" data-id=\"ac5bf23\" data-element_type=\"widget\" data-e-type=\"widget\" data-widget_type=\"heading.default\">\n\t\t\t\t<div class=\"elementor-widget-container\">\n\t\t\t\t\t<h2 class=\"elementor-heading-title elementor-size-default\">Lieu de livraison<\/h2>\t\t\t\t<\/div>\n\t\t\t\t<\/div>\n\t\t\t\t<div class=\"elementor-element elementor-element-0e5e09c elementor-widget elementor-widget-heading\" data-id=\"0e5e09c\" data-element_type=\"widget\" data-e-type=\"widget\" data-widget_type=\"heading.default\">\n\t\t\t\t<div class=\"elementor-widget-container\">\n\t\t\t\t\t<h2 class=\"elementor-heading-title elementor-size-default\">Puis-je faire livrer ma commande chez quelqu\u2019un d\u2019autre ?<\/h2>\t\t\t\t<\/div>\n\t\t\t\t<\/div>\n\t\t\t\t<div class=\"elementor-element elementor-element-c81b34d elementor-widget elementor-widget-text-editor\" data-id=\"c81b34d\" data-element_type=\"widget\" data-e-type=\"widget\" data-widget_type=\"text-editor.default\">\n\t\t\t\t<div class=\"elementor-widget-container\">\n\t\t\t\t\t\t\t\t\t<p>Vous pouvez faire livrer la commande \u00e0 l\u2019adresse de votre choix : votre bureau, un membre de votre famille, un point d\u2019enl\u00e8vement, un distributeur de paquets\u2026<\/p>\t\t\t\t\t\t\t\t<\/div>\n\t\t\t\t<\/div>\n\t\t\t\t<div class=\"elementor-element elementor-element-a55d12c elementor-widget elementor-widget-heading\" data-id=\"a55d12c\" data-element_type=\"widget\" data-e-type=\"widget\" data-widget_type=\"heading.default\">\n\t\t\t\t<div class=\"elementor-widget-container\">\n\t\t\t\t\t<h2 class=\"elementor-heading-title elementor-size-default\">Livrez-vous aussi \u00e0 l\u2019\u00e9tranger ?<\/h2>\t\t\t\t<\/div>\n\t\t\t\t<\/div>\n\t\t\t\t<div class=\"elementor-element elementor-element-751fc63 elementor-widget elementor-widget-text-editor\" data-id=\"751fc63\" data-element_type=\"widget\" data-e-type=\"widget\" data-widget_type=\"text-editor.default\">\n\t\t\t\t<div class=\"elementor-widget-container\">\n\t\t\t\t\t\t\t\t\t<p>Non, nous ne livrons qu\u2019en Belgique.<\/p>\t\t\t\t\t\t\t\t<\/div>\n\t\t\t\t<\/div>\n\t\t\t\t<div class=\"elementor-element elementor-element-b0752cc elementor-widget elementor-widget-heading\" data-id=\"b0752cc\" data-element_type=\"widget\" data-e-type=\"widget\" data-widget_type=\"heading.default\">\n\t\t\t\t<div class=\"elementor-widget-container\">\n\t\t\t\t\t<h2 class=\"elementor-heading-title elementor-size-default\">Puis-je encore changer l\u2019adresse de livraison ou le point d\u2019enl\u00e8vement apr\u00e8s que ma commande a \u00e9t\u00e9 enregistr\u00e9e ?<\/h2>\t\t\t\t<\/div>\n\t\t\t\t<\/div>\n\t\t\t\t<div class=\"elementor-element elementor-element-5c1ab13 elementor-widget elementor-widget-text-editor\" data-id=\"5c1ab13\" data-element_type=\"widget\" data-e-type=\"widget\" data-widget_type=\"text-editor.default\">\n\t\t\t\t<div class=\"elementor-widget-container\">\n\t\t\t\t\t\t\t\t\t<div class=\"fusion-toggle-heading\">Ce n\u2019est plus possible d\u00e8s le moment o\u00f9 votre appareil est enregistr\u00e9 aupr\u00e8s de Bpost. Vous en recevrez confirmation.<\/div>\t\t\t\t\t\t\t\t<\/div>\n\t\t\t\t<\/div>\n\t\t\t\t<div class=\"elementor-element elementor-element-f135203 elementor-widget-divider--view-line elementor-widget elementor-widget-divider\" data-id=\"f135203\" data-element_type=\"widget\" data-e-type=\"widget\" data-widget_type=\"divider.default\">\n\t\t\t\t<div class=\"elementor-widget-container\">\n\t\t\t\t\t\t\t<div class=\"elementor-divider\">\n\t\t\t<span class=\"elementor-divider-separator\">\n\t\t\t\t\t\t<\/span>\n\t\t<\/div>\n\t\t\t\t\t\t<\/div>\n\t\t\t\t<\/div>\n\t\t\t\t<div class=\"elementor-element elementor-element-59c0b9e elementor-widget elementor-widget-heading\" data-id=\"59c0b9e\" data-element_type=\"widget\" data-e-type=\"widget\" data-widget_type=\"heading.default\">\n\t\t\t\t<div class=\"elementor-widget-container\">\n\t\t\t\t\t<h2 class=\"elementor-heading-title elementor-size-default\">Terme<\/h2>\t\t\t\t<\/div>\n\t\t\t\t<\/div>\n\t\t\t\t<div class=\"elementor-element elementor-element-c75380d elementor-widget elementor-widget-heading\" data-id=\"c75380d\" data-element_type=\"widget\" data-e-type=\"widget\" data-widget_type=\"heading.default\">\n\t\t\t\t<div class=\"elementor-widget-container\">\n\t\t\t\t\t<h2 class=\"elementor-heading-title elementor-size-default\">Quels sont les d\u00e9lais de livraison ?<\/h2>\t\t\t\t<\/div>\n\t\t\t\t<\/div>\n\t\t\t\t<div class=\"elementor-element elementor-element-fee726c elementor-widget elementor-widget-text-editor\" data-id=\"fee726c\" data-element_type=\"widget\" data-e-type=\"widget\" data-widget_type=\"text-editor.default\">\n\t\t\t\t<div class=\"elementor-widget-container\">\n\t\t\t\t\t\t\t\t\t<div class=\"fusion-toggle-heading\">La livraison de l\u2019appareil est li\u00e9e au d\u00e9lai de livraison habituel du fournisseur. Nous ne pouvons donner de garanties \u00e0 cet \u00e9gard.<\/div>\t\t\t\t\t\t\t\t<\/div>\n\t\t\t\t<\/div>\n\t\t\t\t<div class=\"elementor-element elementor-element-97d9bd5 elementor-widget elementor-widget-heading\" data-id=\"97d9bd5\" data-element_type=\"widget\" data-e-type=\"widget\" data-widget_type=\"heading.default\">\n\t\t\t\t<div class=\"elementor-widget-container\">\n\t\t\t\t\t<h2 class=\"elementor-heading-title elementor-size-default\">Le d\u00e9lai de livraison promis est pass\u00e9. Je n\u2019ai pas encore re\u00e7u mon appareil. Et maintenant ?<\/h2>\t\t\t\t<\/div>\n\t\t\t\t<\/div>\n\t\t\t\t<div class=\"elementor-element elementor-element-6997060 elementor-widget elementor-widget-text-editor\" data-id=\"6997060\" data-element_type=\"widget\" data-e-type=\"widget\" data-widget_type=\"text-editor.default\">\n\t\t\t\t<div class=\"elementor-widget-container\">\n\t\t\t\t\t\t\t\t\t<div class=\"fusion-toggle-heading\">La livraison de l\u2019appareil est li\u00e9e au d\u00e9lai de livraison habituel du fournisseur. Nous ne pouvons donner de garanties \u00e0 cet \u00e9gard. Consultez le statut de la commande sur le portail de commande.<\/div>\t\t\t\t\t\t\t\t<\/div>\n\t\t\t\t<\/div>\n\t\t\t\t<div class=\"elementor-element elementor-element-ff64520 elementor-widget-divider--view-line elementor-widget elementor-widget-divider\" data-id=\"ff64520\" data-element_type=\"widget\" data-e-type=\"widget\" data-widget_type=\"divider.default\">\n\t\t\t\t<div class=\"elementor-widget-container\">\n\t\t\t\t\t\t\t<div class=\"elementor-divider\">\n\t\t\t<span class=\"elementor-divider-separator\">\n\t\t\t\t\t\t<\/span>\n\t\t<\/div>\n\t\t\t\t\t\t<\/div>\n\t\t\t\t<\/div>\n\t\t\t\t<div class=\"elementor-element elementor-element-1ceafb1 elementor-widget elementor-widget-heading\" data-id=\"1ceafb1\" data-element_type=\"widget\" data-e-type=\"widget\" data-widget_type=\"heading.default\">\n\t\t\t\t<div class=\"elementor-widget-container\">\n\t\t\t\t\t<h2 class=\"elementor-heading-title elementor-size-default\">Moment de livraison<\/h2>\t\t\t\t<\/div>\n\t\t\t\t<\/div>\n\t\t\t\t<div class=\"elementor-element elementor-element-e60f800 elementor-widget elementor-widget-heading\" data-id=\"e60f800\" data-element_type=\"widget\" data-e-type=\"widget\" data-widget_type=\"heading.default\">\n\t\t\t\t<div class=\"elementor-widget-container\">\n\t\t\t\t\t<h2 class=\"elementor-heading-title elementor-size-default\">Livrez-vous aussi le week-end ?<\/h2>\t\t\t\t<\/div>\n\t\t\t\t<\/div>\n\t\t\t\t<div class=\"elementor-element elementor-element-10535fd elementor-widget elementor-widget-text-editor\" data-id=\"10535fd\" data-element_type=\"widget\" data-e-type=\"widget\" data-widget_type=\"text-editor.default\">\n\t\t\t\t<div class=\"elementor-widget-container\">\n\t\t\t\t\t\t\t\t\t<div class=\"fusion-toggle-heading\">Les livraisons se font du lundi au vendredi<\/div>\t\t\t\t\t\t\t\t<\/div>\n\t\t\t\t<\/div>\n\t\t\t\t<div class=\"elementor-element elementor-element-5a3c335 elementor-widget elementor-widget-heading\" data-id=\"5a3c335\" data-element_type=\"widget\" data-e-type=\"widget\" data-widget_type=\"heading.default\">\n\t\t\t\t<div class=\"elementor-widget-container\">\n\t\t\t\t\t<h2 class=\"elementor-heading-title elementor-size-default\">Que se passe-t-il si je ne suis pas chez moi au moment de la livraison ?<\/h2>\t\t\t\t<\/div>\n\t\t\t\t<\/div>\n\t\t\t\t<div class=\"elementor-element elementor-element-2fb2eac elementor-widget elementor-widget-text-editor\" data-id=\"2fb2eac\" data-element_type=\"widget\" data-e-type=\"widget\" data-widget_type=\"text-editor.default\">\n\t\t\t\t<div class=\"elementor-widget-container\">\n\t\t\t\t\t\t\t\t\t<div class=\"fusion-toggle-heading\"><div class=\"fusion-toggle-heading\">Si vous avez choisi la livraison \u00e0 une adresse priv\u00e9e et que vous n\u2019\u00eates pas l\u00e0 au moment de la livraison, le facteur laissera un mot dans la bo\u00eete aux lettres. Avec ce mot, vous pourrez enlever votre paquet au bureau de poste le plus proche. Si vous le souhaitez, le facteur peut pr\u00e9senter<sup>de<\/sup>\u00a0une deuxi\u00e8me fois le paquet.<\/div><\/div>\t\t\t\t\t\t\t\t<\/div>\n\t\t\t\t<\/div>\n\t\t\t\t<div class=\"elementor-element elementor-element-efc31d3 elementor-widget elementor-widget-heading\" data-id=\"efc31d3\" data-element_type=\"widget\" data-e-type=\"widget\" data-widget_type=\"heading.default\">\n\t\t\t\t<div class=\"elementor-widget-container\">\n\t\t\t\t\t<h2 class=\"elementor-heading-title elementor-size-default\">Livrez-vous aussi le soir ?<\/h2>\t\t\t\t<\/div>\n\t\t\t\t<\/div>\n\t\t\t\t<div class=\"elementor-element elementor-element-e865565 elementor-widget elementor-widget-text-editor\" data-id=\"e865565\" data-element_type=\"widget\" data-e-type=\"widget\" data-widget_type=\"text-editor.default\">\n\t\t\t\t<div class=\"elementor-widget-container\">\n\t\t\t\t\t\t\t\t\t<div class=\"fusion-toggle-heading\"><div class=\"fusion-toggle-heading\"><div class=\"fusion-toggle-heading\">Bpost passera chez vous pendant la journ\u00e9e (entre 8.00 et 17.00 heures).<\/div><\/div><\/div>\t\t\t\t\t\t\t\t<\/div>\n\t\t\t\t<\/div>\n\t\t\t\t<div class=\"elementor-element elementor-element-7629bee elementor-widget elementor-widget-heading\" data-id=\"7629bee\" data-element_type=\"widget\" data-e-type=\"widget\" data-widget_type=\"heading.default\">\n\t\t\t\t<div class=\"elementor-widget-container\">\n\t\t\t\t\t<h2 class=\"elementor-heading-title elementor-size-default\">Je ne serai pas chez moi le jour de la livraison. Puis-je encore changer mon adresse ?<\/h2>\t\t\t\t<\/div>\n\t\t\t\t<\/div>\n\t\t\t\t<div class=\"elementor-element elementor-element-48a345a elementor-widget elementor-widget-text-editor\" data-id=\"48a345a\" data-element_type=\"widget\" data-e-type=\"widget\" data-widget_type=\"text-editor.default\">\n\t\t\t\t<div class=\"elementor-widget-container\">\n\t\t\t\t\t\t\t\t\t<div class=\"fusion-toggle-heading\"><div class=\"fusion-toggle-heading\"><div class=\"fusion-toggle-heading\">Ce n\u2019est plus possible d\u00e8s le moment o\u00f9 vous avez re\u00e7u confirmation que votre appareil est enregistr\u00e9 aupr\u00e8s de Bpost. Si vous avez choisi la livraison \u00e0 une adresse priv\u00e9e et que vous n\u2019\u00eates pas l\u00e0 au moment de la livraison, le facteur laissera un mot dans la bo\u00eete aux lettres. Avec ce mot, vous pourrez aller chercher le paquet au bureau de poste le plus proche. Si vous le souhaitez, le facteur peut aussi pr\u00e9senter le paquet une deuxi\u00e8me fois.<sup>de<\/sup>\u00a0une deuxi\u00e8me fois le paquet.<\/div><\/div><\/div>\t\t\t\t\t\t\t\t<\/div>\n\t\t\t\t<\/div>\n\t\t\t\t<div class=\"elementor-element elementor-element-7e149e8 elementor-widget-divider--view-line elementor-widget elementor-widget-divider\" data-id=\"7e149e8\" data-element_type=\"widget\" data-e-type=\"widget\" data-widget_type=\"divider.default\">\n\t\t\t\t<div class=\"elementor-widget-container\">\n\t\t\t\t\t\t\t<div class=\"elementor-divider\">\n\t\t\t<span class=\"elementor-divider-separator\">\n\t\t\t\t\t\t<\/span>\n\t\t<\/div>\n\t\t\t\t\t\t<\/div>\n\t\t\t\t<\/div>\n\t\t\t\t<div class=\"elementor-element elementor-element-a4e8512 elementor-widget elementor-widget-heading\" data-id=\"a4e8512\" data-element_type=\"widget\" data-e-type=\"widget\" data-widget_type=\"heading.default\">\n\t\t\t\t<div class=\"elementor-widget-container\">\n\t\t\t\t\t<h2 class=\"elementor-heading-title elementor-size-default\">Je n\u2019ai pas trouv\u00e9 ci-dessus les r\u00e9ponses \u00e0 mes autres questions concernant la livraison. O\u00f9 puis-je m\u2019adresser ?<\/h2>\t\t\t\t<\/div>\n\t\t\t\t<\/div>\n\t\t\t\t<div class=\"elementor-element elementor-element-5d3e39f elementor-widget elementor-widget-text-editor\" data-id=\"5d3e39f\" data-element_type=\"widget\" data-e-type=\"widget\" data-widget_type=\"text-editor.default\">\n\t\t\t\t<div class=\"elementor-widget-container\">\n\t\t\t\t\t\t\t\t\t<div class=\"fusion-toggle-heading\"><div class=\"fusion-toggle-heading\"><div class=\"fusion-toggle-heading\">Je kan contact op nemen met Devso op het emailadres <a href=\"mailto:basf@devso.be\">endpoints@devso.be<\/a><\/div><\/div><\/div>\t\t\t\t\t\t\t\t<\/div>\n\t\t\t\t<\/div>\n\t\t\t\t\t<\/div>\n\t\t<\/div>\n\t\t\t\t\t<\/div>\n\t\t<\/section>\n\t\t\t\t<\/div>","protected":false},"excerpt":{"rendered":"<p>Levering Hieronder vind je alle veelgestelde vragen die gaan over de topic \u2018Levering\u2019. Algemeen Is de levering gratis? Dit hangt af van de waarde van je toestel. Indien de waarde lager is dan 299 euro, zal er 12 euro verzendkosten worden aangerekend. Welke leveringswijzen zijn er? De toestellen worden geleverd met BPOST. Je kan dus [&hellip;]<\/p>\n","protected":false},"author":1,"featured_media":0,"parent":1392,"menu_order":0,"comment_status":"closed","ping_status":"closed","template":"","meta":{"om_disable_all_campaigns":false,"_monsterinsights_skip_tracking":false,"_monsterinsights_sitenote_active":false,"_monsterinsights_sitenote_note":"","_monsterinsights_sitenote_category":0,"footnotes":""},"class_list":["post-1468","page","type-page","status-publish","hentry"],"_links":{"self":[{"href":"https:\/\/devso.be\/fr\/wp-json\/wp\/v2\/pages\/1468","targetHints":{"allow":["GET"]}}],"collection":[{"href":"https:\/\/devso.be\/fr\/wp-json\/wp\/v2\/pages"}],"about":[{"href":"https:\/\/devso.be\/fr\/wp-json\/wp\/v2\/types\/page"}],"author":[{"embeddable":true,"href":"https:\/\/devso.be\/fr\/wp-json\/wp\/v2\/users\/1"}],"replies":[{"embeddable":true,"href":"https:\/\/devso.be\/fr\/wp-json\/wp\/v2\/comments?post=1468"}],"version-history":[{"count":19,"href":"https:\/\/devso.be\/fr\/wp-json\/wp\/v2\/pages\/1468\/revisions"}],"predecessor-version":[{"id":3407,"href":"https:\/\/devso.be\/fr\/wp-json\/wp\/v2\/pages\/1468\/revisions\/3407"}],"up":[{"embeddable":true,"href":"https:\/\/devso.be\/fr\/wp-json\/wp\/v2\/pages\/1392"}],"wp:attachment":[{"href":"https:\/\/devso.be\/fr\/wp-json\/wp\/v2\/media?parent=1468"}],"curies":[{"name":"wp","href":"https:\/\/api.w.org\/{rel}","templated":true}]}}