{"id":1405,"date":"2022-09-13T12:00:13","date_gmt":"2022-09-13T12:00:13","guid":{"rendered":"https:\/\/devso.be\/?page_id=1405"},"modified":"2025-07-08T15:36:18","modified_gmt":"2025-07-08T13:36:18","slug":"aon-bestelling","status":"publish","type":"page","link":"https:\/\/devso.be\/fr\/aon\/aon-bestelling\/","title":{"rendered":"Aon Bestelling"},"content":{"rendered":"<div data-elementor-type=\"wp-page\" data-elementor-id=\"1405\" class=\"elementor elementor-1405\" data-elementor-post-type=\"page\">\n\t\t\t\t\t\t<section class=\"has_eae_slider elementor-section elementor-top-section elementor-element elementor-element-0c2b329 elementor-section-boxed elementor-section-height-default elementor-section-height-default\" data-eae-slider=\"85171\" data-id=\"0c2b329\" data-element_type=\"section\" data-e-type=\"section\">\n\t\t\t\t\t\t<div class=\"elementor-container elementor-column-gap-default\">\n\t\t\t\t\t<div class=\"has_eae_slider elementor-column elementor-col-100 elementor-top-column elementor-element elementor-element-7551cd9\" data-eae-slider=\"89365\" data-id=\"7551cd9\" data-element_type=\"column\" data-e-type=\"column\">\n\t\t\t<div class=\"elementor-widget-wrap elementor-element-populated\">\n\t\t\t\t\t\t<section class=\"has_eae_slider elementor-section elementor-inner-section elementor-element elementor-element-0b292ae elementor-section-boxed elementor-section-height-default elementor-section-height-default\" data-eae-slider=\"63453\" data-id=\"0b292ae\" data-element_type=\"section\" data-e-type=\"section\">\n\t\t\t\t\t\t<div class=\"elementor-container elementor-column-gap-default\">\n\t\t\t\t\t<div class=\"has_eae_slider elementor-column elementor-col-50 elementor-inner-column elementor-element elementor-element-b1a05f9\" data-eae-slider=\"24790\" data-id=\"b1a05f9\" data-element_type=\"column\" data-e-type=\"column\">\n\t\t\t<div class=\"elementor-widget-wrap elementor-element-populated\">\n\t\t\t\t\t\t<div class=\"elementor-element elementor-element-7c68c98 elementor-widget elementor-widget-image\" data-id=\"7c68c98\" data-element_type=\"widget\" data-e-type=\"widget\" data-widget_type=\"image.default\">\n\t\t\t\t<div class=\"elementor-widget-container\">\n\t\t\t\t\t\t\t\t\t\t\t\t\t\t\t<img fetchpriority=\"high\" decoding=\"async\" width=\"500\" height=\"500\" src=\"https:\/\/devso.be\/wp-content\/uploads\/2022\/08\/DEVSO-assets-pictogram-1-01.png\" class=\"attachment-large size-large wp-image-39\" alt=\"\" srcset=\"https:\/\/devso.be\/wp-content\/uploads\/2022\/08\/DEVSO-assets-pictogram-1-01.png 500w, https:\/\/devso.be\/wp-content\/uploads\/2022\/08\/DEVSO-assets-pictogram-1-01-300x300.png 300w, https:\/\/devso.be\/wp-content\/uploads\/2022\/08\/DEVSO-assets-pictogram-1-01-150x150.png 150w\" sizes=\"(max-width: 500px) 100vw, 500px\" \/>\t\t\t\t\t\t\t\t\t\t\t\t\t\t\t<\/div>\n\t\t\t\t<\/div>\n\t\t\t\t\t<\/div>\n\t\t<\/div>\n\t\t\t\t<div class=\"has_eae_slider elementor-column elementor-col-50 elementor-inner-column elementor-element elementor-element-24d435d\" data-eae-slider=\"67470\" data-id=\"24d435d\" data-element_type=\"column\" data-e-type=\"column\">\n\t\t\t<div class=\"elementor-widget-wrap elementor-element-populated\">\n\t\t\t\t\t\t<div class=\"elementor-element elementor-element-47a4f03 elementor-widget elementor-widget-heading\" data-id=\"47a4f03\" data-element_type=\"widget\" data-e-type=\"widget\" data-widget_type=\"heading.default\">\n\t\t\t\t<div class=\"elementor-widget-container\">\n\t\t\t\t\t<h2 class=\"elementor-heading-title elementor-size-default\">Ma commande<\/h2>\t\t\t\t<\/div>\n\t\t\t\t<\/div>\n\t\t\t\t<div class=\"elementor-element elementor-element-77db1e2 elementor-widget elementor-widget-text-editor\" data-id=\"77db1e2\" data-element_type=\"widget\" data-e-type=\"widget\" data-widget_type=\"text-editor.default\">\n\t\t\t\t<div class=\"elementor-widget-container\">\n\t\t\t\t\t\t\t\t\t<p>Vous trouverez ci-dessous toutes les questions fr\u00e9quemment pos\u00e9es sur le th\u00e8me \u00abMa commande\u00bb.<\/p>\t\t\t\t\t\t\t\t<\/div>\n\t\t\t\t<\/div>\n\t\t\t\t\t<\/div>\n\t\t<\/div>\n\t\t\t\t\t<\/div>\n\t\t<\/section>\n\t\t\t\t<div class=\"elementor-element elementor-element-483b92f elementor-widget-divider--view-line elementor-widget elementor-widget-divider\" data-id=\"483b92f\" data-element_type=\"widget\" data-e-type=\"widget\" data-widget_type=\"divider.default\">\n\t\t\t\t<div class=\"elementor-widget-container\">\n\t\t\t\t\t\t\t<div class=\"elementor-divider\">\n\t\t\t<span class=\"elementor-divider-separator\">\n\t\t\t\t\t\t<\/span>\n\t\t<\/div>\n\t\t\t\t\t\t<\/div>\n\t\t\t\t<\/div>\n\t\t\t\t\t<\/div>\n\t\t<\/div>\n\t\t\t\t\t<\/div>\n\t\t<\/section>\n\t\t\t\t<section class=\"has_eae_slider elementor-section elementor-top-section elementor-element elementor-element-783e5f3 elementor-section-boxed elementor-section-height-default elementor-section-height-default\" data-eae-slider=\"76075\" data-id=\"783e5f3\" data-element_type=\"section\" data-e-type=\"section\">\n\t\t\t\t\t\t<div class=\"elementor-container elementor-column-gap-default\">\n\t\t\t\t\t<div class=\"has_eae_slider elementor-column elementor-col-100 elementor-top-column elementor-element elementor-element-e446dc0\" data-eae-slider=\"41095\" data-id=\"e446dc0\" data-element_type=\"column\" data-e-type=\"column\">\n\t\t\t<div class=\"elementor-widget-wrap elementor-element-populated\">\n\t\t\t\t\t\t<div class=\"elementor-element elementor-element-1042731 elementor-widget elementor-widget-heading\" data-id=\"1042731\" data-element_type=\"widget\" data-e-type=\"widget\" data-widget_type=\"heading.default\">\n\t\t\t\t<div class=\"elementor-widget-container\">\n\t\t\t\t\t<h2 class=\"elementor-heading-title elementor-size-default\">Comment commander ?<\/h2>\t\t\t\t<\/div>\n\t\t\t\t<\/div>\n\t\t\t\t<div class=\"elementor-element elementor-element-008f05e elementor-widget__width-auto elementor-widget elementor-widget-text-editor\" data-id=\"008f05e\" data-element_type=\"widget\" data-e-type=\"widget\" data-widget_type=\"text-editor.default\">\n\t\t\t\t<div class=\"elementor-widget-container\">\n\t\t\t\t\t\t\t\t\t<p>Pour commander un appareil, vous devez passer par<\/p>\t\t\t\t\t\t\t\t<\/div>\n\t\t\t\t<\/div>\n\t\t\t\t<div class=\"elementor-element elementor-element-9536d50 elementor-align-center elementor-widget__width-auto elementor-mobile-align-center elementor-widget elementor-widget-button\" data-id=\"9536d50\" data-element_type=\"widget\" data-e-type=\"widget\" data-widget_type=\"button.default\">\n\t\t\t\t<div class=\"elementor-widget-container\">\n\t\t\t\t\t\t\t\t\t<div class=\"elementor-button-wrapper\">\n\t\t\t\t\t<a class=\"elementor-button elementor-button-link elementor-size-xs elementor-animation-shrink\" href=\"https:\/\/portal.devso.be\/\" target=\"_blank\">\n\t\t\t\t\t\t<span class=\"elementor-button-content-wrapper\">\n\t\t\t\t\t\t\t\t\t<span class=\"elementor-button-text\">le portail de commande.<\/span>\n\t\t\t\t\t<\/span>\n\t\t\t\t\t<\/a>\n\t\t\t\t<\/div>\n\t\t\t\t\t\t\t\t<\/div>\n\t\t\t\t<\/div>\n\t\t\t\t<div class=\"elementor-element elementor-element-11d0bd0 elementor-widget elementor-widget-heading\" data-id=\"11d0bd0\" data-element_type=\"widget\" data-e-type=\"widget\" data-widget_type=\"heading.default\">\n\t\t\t\t<div class=\"elementor-widget-container\">\n\t\t\t\t\t<h2 class=\"elementor-heading-title elementor-size-default\">Quel est le d\u00e9lai de livraison ?<\/h2>\t\t\t\t<\/div>\n\t\t\t\t<\/div>\n\t\t\t\t<div class=\"elementor-element elementor-element-a1152c4 elementor-widget elementor-widget-text-editor\" data-id=\"a1152c4\" data-element_type=\"widget\" data-e-type=\"widget\" data-widget_type=\"text-editor.default\">\n\t\t\t\t<div class=\"elementor-widget-container\">\n\t\t\t\t\t\t\t\t\t<p>La livraison de l\u2019appareil est li\u00e9e au d\u00e9lai de livraison habituel du fournisseur. Nous ne pouvons donner de garanties \u00e0 cet \u00e9gard.<\/p>\t\t\t\t\t\t\t\t<\/div>\n\t\t\t\t<\/div>\n\t\t\t\t<div class=\"elementor-element elementor-element-5408cfc elementor-widget elementor-widget-heading\" data-id=\"5408cfc\" data-element_type=\"widget\" data-e-type=\"widget\" data-widget_type=\"heading.default\">\n\t\t\t\t<div class=\"elementor-widget-container\">\n\t\t\t\t\t<h2 class=\"elementor-heading-title elementor-size-default\">Je n\u2019ai pas trouv\u00e9 ci-dessus les r\u00e9ponses \u00e0 mes autres questions concernant ma commande. O\u00f9 puis-je m\u2019adresser ?<\/h2>\t\t\t\t<\/div>\n\t\t\t\t<\/div>\n\t\t\t\t<div class=\"elementor-element elementor-element-ccdc467 elementor-widget elementor-widget-text-editor\" data-id=\"ccdc467\" data-element_type=\"widget\" data-e-type=\"widget\" data-widget_type=\"text-editor.default\">\n\t\t\t\t<div class=\"elementor-widget-container\">\n\t\t\t\t\t\t\t\t\t<div class=\"fusion-toggle-heading\">Prenez contact avec Devso \u00e0 l\u2019adresse e-mail : endpoints@devso.be <a href=\"\/fr\/endpoints@devso.be\/\" target=\"_blank\" rel=\"noopener\">endpoints@devso.be<\/a><\/div>\t\t\t\t\t\t\t\t<\/div>\n\t\t\t\t<\/div>\n\t\t\t\t\t<\/div>\n\t\t<\/div>\n\t\t\t\t\t<\/div>\n\t\t<\/section>\n\t\t\t\t<\/div>","protected":false},"excerpt":{"rendered":"<p>Mijn bestelling Hieronder vind je alle veelgestelde vragen die gaan over de topic \u2018Mijn bestelling\u2019. Hoe bestel ik? De bestelling van een toestel gebeurt via Het bestelportaal Hoelang is de levertermijn? De effectieve levering van het toestel hangt af van de gebruikelijke leveringstermijn van de leverancier. Hieromtrent kunnen geen garanties gegeven worden. We trachten de [&hellip;]<\/p>\n","protected":false},"author":1,"featured_media":0,"parent":1392,"menu_order":0,"comment_status":"closed","ping_status":"closed","template":"","meta":{"om_disable_all_campaigns":false,"_monsterinsights_skip_tracking":false,"_monsterinsights_sitenote_active":false,"_monsterinsights_sitenote_note":"","_monsterinsights_sitenote_category":0,"footnotes":""},"class_list":["post-1405","page","type-page","status-publish","hentry"],"_links":{"self":[{"href":"https:\/\/devso.be\/fr\/wp-json\/wp\/v2\/pages\/1405","targetHints":{"allow":["GET"]}}],"collection":[{"href":"https:\/\/devso.be\/fr\/wp-json\/wp\/v2\/pages"}],"about":[{"href":"https:\/\/devso.be\/fr\/wp-json\/wp\/v2\/types\/page"}],"author":[{"embeddable":true,"href":"https:\/\/devso.be\/fr\/wp-json\/wp\/v2\/users\/1"}],"replies":[{"embeddable":true,"href":"https:\/\/devso.be\/fr\/wp-json\/wp\/v2\/comments?post=1405"}],"version-history":[{"count":25,"href":"https:\/\/devso.be\/fr\/wp-json\/wp\/v2\/pages\/1405\/revisions"}],"predecessor-version":[{"id":3403,"href":"https:\/\/devso.be\/fr\/wp-json\/wp\/v2\/pages\/1405\/revisions\/3403"}],"up":[{"embeddable":true,"href":"https:\/\/devso.be\/fr\/wp-json\/wp\/v2\/pages\/1392"}],"wp:attachment":[{"href":"https:\/\/devso.be\/fr\/wp-json\/wp\/v2\/media?parent=1405"}],"curies":[{"name":"wp","href":"https:\/\/api.w.org\/{rel}","templated":true}]}}